{"id":569,"date":"2016-10-13T10:44:43","date_gmt":"2016-10-13T10:44:43","guid":{"rendered":"https:\/\/tallinnasaun.ee\/saunakombed\/"},"modified":"2023-03-25T00:07:20","modified_gmt":"2023-03-24T22:07:20","slug":"house-rules","status":"publish","type":"page","link":"https:\/\/tallinnasaun.ee\/en\/house-rules\/","title":{"rendered":"Visiting information and house rules"},"content":{"rendered":"<p>[et_pb_section admin_label=&#8221;section&#8221; transparent_background=&#8221;off&#8221; allow_player_pause=&#8221;off&#8221; inner_shadow=&#8221;off&#8221; parallax=&#8221;off&#8221; parallax_method=&#8221;on&#8221; padding_mobile=&#8221;off&#8221; make_fullwidth=&#8221;off&#8221; use_custom_width=&#8221;off&#8221; width_unit=&#8221;off&#8221; custom_width_px=&#8221;1080px&#8221; custom_width_percent=&#8221;80%&#8221; make_equal=&#8221;off&#8221; use_custom_gutter=&#8221;off&#8221; fullwidth=&#8221;off&#8221; specialty=&#8221;off&#8221; disabled=&#8221;off&#8221;][et_pb_row admin_label=&#8221;Row&#8221; make_fullwidth=&#8221;off&#8221; use_custom_width=&#8221;off&#8221; width_unit=&#8221;off&#8221; custom_width_px=&#8221;1080px&#8221; custom_width_percent=&#8221;80%&#8221; use_custom_gutter=&#8221;off&#8221; gutter_width=&#8221;3&#8243; padding_mobile=&#8221;off&#8221; allow_player_pause=&#8221;off&#8221; parallax=&#8221;off&#8221; parallax_method=&#8221;on&#8221; make_equal=&#8221;off&#8221; column_padding_mobile=&#8221;on&#8221; parallax_1=&#8221;off&#8221; parallax_method_1=&#8221;on&#8221; parallax_2=&#8221;off&#8221; parallax_method_2=&#8221;on&#8221; parallax_3=&#8221;off&#8221; parallax_method_3=&#8221;on&#8221; parallax_4=&#8221;off&#8221; parallax_method_4=&#8221;on&#8221; disabled=&#8221;off&#8221;][et_pb_column type=&#8221;1_2&#8243;][et_pb_text admin_label=&#8221;Text&#8221; background_layout=&#8221;light&#8221; text_orientation=&#8221;left&#8221; use_border_color=&#8221;off&#8221; border_style=&#8221;solid&#8221; disabled=&#8221;off&#8221; border_color=&#8221;#ffffff&#8221;]<\/p>\n<p><strong>Dear guest!<\/strong><\/p>\n<p>For your pleasant visit, we recommend packing a towel and personal hygiene products. In our sauna the guests are naked. It is also recommended to take flip-flops as the floor in the steam room is hot and might be slippery in the washing areas.<\/p>\n<p>It is also possible to purchase birch whisks, flip-flops, beer, water and root-beer from the cashier. As well, it is possible to rent towels.<\/p>\n<p><strong>To have the best experience and enjoyment from the sauna, please follow this guide.<\/strong><\/p>\n<ul>\n<li>Please remove the excessive water with a special rubber broom.<\/li>\n<li>Kindly keep the sauna rooms tidy and throw garbage in to the bin.<\/li>\n<li>Throw the used birch tree bundles in to the recycle bin.<\/li>\n<li>Please ensure that the scrubs, masks or other cosmetics used are not dripping on the floor.<\/li>\n<li>Sauna does not take any responsibility for unattended personal items.<\/li>\n<\/ul>\n<p>[\/et_pb_text][\/et_pb_column][et_pb_column type=&#8221;1_2&#8243;][et_pb_image admin_label=&#8221;Image&#8221; src=&#8221;https:\/\/tallinnasaun.ee\/wp-content\/uploads\/2016\/09\/tallinna-saun-tartu-maanteel-tartu-maante-saun_MG_1021.jpg&#8221; show_in_lightbox=&#8221;off&#8221; url_new_window=&#8221;off&#8221; use_overlay=&#8221;off&#8221; sticky=&#8221;off&#8221; align=&#8221;left&#8221; force_fullwidth=&#8221;off&#8221; always_center_on_mobile=&#8221;on&#8221; use_border_color=&#8221;off&#8221; border_color=&#8221;#ffffff&#8221; border_width=&#8221;1px&#8221; border_style=&#8221;solid&#8221; disabled=&#8221;off&#8221;] [\/et_pb_image][\/et_pb_column][\/et_pb_row][et_pb_row admin_label=&#8221;row&#8221; make_fullwidth=&#8221;off&#8221; use_custom_width=&#8221;off&#8221; width_unit=&#8221;off&#8221; custom_width_px=&#8221;1080px&#8221; custom_width_percent=&#8221;80%&#8221; use_custom_gutter=&#8221;off&#8221; gutter_width=&#8221;3&#8243; padding_mobile=&#8221;off&#8221; allow_player_pause=&#8221;off&#8221; parallax=&#8221;off&#8221; parallax_method=&#8221;on&#8221; make_equal=&#8221;off&#8221; column_padding_mobile=&#8221;on&#8221; parallax_1=&#8221;off&#8221; parallax_method_1=&#8221;on&#8221; parallax_2=&#8221;off&#8221; parallax_method_2=&#8221;on&#8221; parallax_3=&#8221;off&#8221; parallax_method_3=&#8221;on&#8221; parallax_4=&#8221;off&#8221; parallax_method_4=&#8221;on&#8221; disabled=&#8221;off&#8221;][et_pb_column type=&#8221;1_2&#8243;][et_pb_image admin_label=&#8221;Image&#8221; src=&#8221;https:\/\/tallinnasaun.ee\/wp-content\/uploads\/2016\/09\/tallinna-saun-tartu-maanteel-tartu-maante-saun_MG_1001.jpg&#8221; show_in_lightbox=&#8221;off&#8221; url_new_window=&#8221;off&#8221; use_overlay=&#8221;off&#8221; sticky=&#8221;off&#8221; align=&#8221;left&#8221; force_fullwidth=&#8221;off&#8221; always_center_on_mobile=&#8221;on&#8221; use_border_color=&#8221;off&#8221; border_color=&#8221;#ffffff&#8221; border_width=&#8221;1px&#8221; border_style=&#8221;solid&#8221; disabled=&#8221;off&#8221;] [\/et_pb_image][\/et_pb_column][et_pb_column type=&#8221;1_2&#8243;][et_pb_text admin_label=&#8221;Text&#8221; background_layout=&#8221;light&#8221; text_orientation=&#8221;left&#8221; use_border_color=&#8221;off&#8221; border_style=&#8221;solid&#8221; disabled=&#8221;off&#8221; border_color=&#8221;#ffffff&#8221; header_text_color=&#8221;#565656&#8243;]<\/p>\n<p><strong><span style=\"color: #000000;\">It is prohibited in the sauna<\/span><\/strong><\/p>\n<ul>\n<li><span style=\"color: #000000;\">to smoke<\/span><\/li>\n<li><span style=\"color: #000000;\">to use in the shower or stream room drinks, bath amenities, cosmetics etc in glass containers<\/span><\/li>\n<li><span style=\"color: #000000;\">to dye or cut the hair, to shave or to wax<\/span><\/li>\n<li>use sticky hygiene products<\/li>\n<li><span style=\"color: #000000;\">to use flammable, corrosive or unpleasantly smelling items<\/span><\/li>\n<li><span style=\"color: #000000;\">to put whisks on the heaters, windowsills, in or on top of the lockers<\/span><\/li>\n<\/ul>\n<h3><span style=\"color: #000000;\">We wish you a pleasant sauna experience!<\/span><\/h3>\n<p>[\/et_pb_text][\/et_pb_column][\/et_pb_row][\/et_pb_section]<\/p>\n","protected":false},"excerpt":{"rendered":"<p>Dear guest! For your pleasant visit, we recommend packing a towel and personal hygiene products. In our sauna the guests are naked. It is also recommended to take flip-flops as the floor in the steam room is hot and might be slippery in the washing areas. It is also possible to purchase birch whisks, flip-flops, [&hellip;]<\/p>\n","protected":false},"author":3,"featured_media":0,"parent":0,"menu_order":0,"comment_status":"closed","ping_status":"closed","template":"","meta":{"_et_pb_use_builder":"on","_et_pb_old_content":"<p>\u00a0<\/p><p><span style=\"font-family: 'Times New Roman', serif;\"><span style=\"font-size: medium;\"><b>Kallis saunleja,<\/b><\/span><\/span><\/p><p><span style=\"font-family: 'Times New Roman', serif;\"><span style=\"font-size: medium;\">Palun ole kena ja j\u00e4rgi allolevaid juhiseid, et saunask\u00e4igust kujuneks meeldiv elamus nii Sulle endale kui teistele.<\/span><\/span><\/p><ul><li><span style=\"font-family: 'Times New Roman', serif;\"><span style=\"font-size: medium;\">Eemalda liigne vesi p\u00f5randalt selleks ette n\u00e4htud kummiharjaga.<\/span><\/span><\/li><li><span style=\"font-family: 'Times New Roman', serif;\"><span style=\"font-size: medium;\">Hoia puhtust enda \u00fcmber ja viska olmepr\u00fcgi pr\u00fcgikasti;<\/span><\/span><\/li><li><span style=\"font-family: 'Times New Roman', serif;\"><span style=\"font-size: medium;\">Kasutatud vihad viska selleks ette n\u00e4htud n\u00f5usse;<\/span><\/span><\/li><li><span style=\"font-family: 'Times New Roman', serif;\"><span style=\"font-size: medium;\">J\u00e4lgi, et Sinu poolt kasutatavad keha\u00f5lid, maskid ja kreemid ei tilguks p\u00f5randale.<\/span><\/span><\/li><li><span style=\"color: #000000;\"><span style=\"font-family: 'Times New Roman', serif;\"><span style=\"font-size: medium;\">Saunaline vastutab ise oma terviseriskide eest, kaasa arvatud - jala seenhaigused. Terviseriskide v\u00e4hendamiseks on soovitav kasutada saunas ja riietusruumis pl\u00e4tusid. Saunaline ei tohi olla nakkusohtlik teistele sauna kasutajatele. <\/span><\/span><\/span><\/li><li><span style=\"color: #000000;\"><span style=\"font-family: 'Times New Roman', serif;\"><span style=\"font-size: medium;\">Saun ei vastuta ruumidesse j\u00e4etud asjade eest. <\/span><\/span><\/span><\/li><\/ul><p><span style=\"font-family: 'Times New Roman', serif;\"><span style=\"font-size: medium;\">Meie saunas pole lubatud:<\/span><\/span><\/p><ul><li><span style=\"font-family: 'Times New Roman', serif;\"><span style=\"font-size: medium;\">suitsetamine;<\/span><\/span><\/li><li><span style=\"font-family: 'Times New Roman', serif;\"><span style=\"font-size: medium;\">klaastaaras olevate jookide ja kosmeetika kasutamine pesu-ja leiliruumis;<\/span><\/span><\/li><li><span style=\"font-family: 'Times New Roman', serif;\"><span style=\"font-size: medium;\">sauna k\u00fclastamine joobeseisundis;<\/span><\/span><\/li><li><span style=\"font-family: 'Times New Roman', serif;\"><span style=\"font-size: medium;\">juuste v\u00e4rvimine ja l\u00f5ikamine ning keha raseerimine;<\/span><\/span><\/li><li><span style=\"font-family: 'Times New Roman', serif;\"><span style=\"font-size: medium;\">tuleohtlike, s\u00f6\u00f6vitavate ja ebameeldivalt l\u00f5hnavate ainete kasutamine;<\/span><\/span><\/li><li><span style=\"font-family: 'Times New Roman', serif;\"><span style=\"font-size: medium;\">vihtade asetamine radiaatoritele, aknalaudadele, kappidele.<\/span><\/span><\/li><\/ul><p><span style=\"font-family: 'Times New Roman', serif;\"><span style=\"font-size: medium;\">Meeldivat saunaelamust!<\/span><\/span><\/p><p>\u00a0<\/p>","_et_gb_content_width":"","footnotes":""},"class_list":["post-569","page","type-page","status-publish","hentry"],"yoast_head":"<!-- This site is optimized with the Yoast SEO plugin v25.5 - https:\/\/yoast.com\/wordpress\/plugins\/seo\/ -->\n<title>Visiting information and house rules - Tallinna Saun<\/title>\n<meta name=\"description\" content=\"Kallis saunleja ! Tallinna Sauna heakord - Palun j\u00e4rgi allolevaid juhiseid, et saunask\u00e4igust kujuneks meeldiv elamus nii Sulle endale kui teistele.\" \/>\n<meta name=\"robots\" content=\"index, follow, max-snippet:-1, max-image-preview:large, max-video-preview:-1\" \/>\n<link rel=\"canonical\" href=\"https:\/\/tallinnasaun.ee\/en\/house-rules\/\" \/>\n<meta property=\"og:locale\" content=\"en_US\" \/>\n<meta property=\"og:type\" content=\"article\" \/>\n<meta property=\"og:title\" content=\"Visiting information and house rules - Tallinna Saun\" \/>\n<meta property=\"og:description\" content=\"Kallis saunleja ! Tallinna Sauna heakord - Palun j\u00e4rgi allolevaid juhiseid, et saunask\u00e4igust kujuneks meeldiv elamus nii Sulle endale kui teistele.\" \/>\n<meta property=\"og:url\" content=\"https:\/\/tallinnasaun.ee\/en\/house-rules\/\" \/>\n<meta property=\"og:site_name\" content=\"Tallinna Saun\" \/>\n<meta property=\"article:modified_time\" content=\"2023-03-24T22:07:20+00:00\" \/>\n<meta name=\"twitter:card\" content=\"summary_large_image\" \/>\n<meta name=\"twitter:label1\" content=\"Est. reading time\" \/>\n\t<meta name=\"twitter:data1\" content=\"2 minutes\" \/>\n<script type=\"application\/ld+json\" class=\"yoast-schema-graph\">{\"@context\":\"https:\/\/schema.org\",\"@graph\":[{\"@type\":\"WebPage\",\"@id\":\"https:\/\/tallinnasaun.ee\/en\/house-rules\/\",\"url\":\"https:\/\/tallinnasaun.ee\/en\/house-rules\/\",\"name\":\"Visiting information and house rules - Tallinna Saun\",\"isPartOf\":{\"@id\":\"http:\/\/www.tallinnasaun.ee\/#website\"},\"datePublished\":\"2016-10-13T10:44:43+00:00\",\"dateModified\":\"2023-03-24T22:07:20+00:00\",\"description\":\"Kallis saunleja ! Tallinna Sauna heakord - Palun j\u00e4rgi allolevaid juhiseid, et saunask\u00e4igust kujuneks meeldiv elamus nii Sulle endale kui teistele.\",\"breadcrumb\":{\"@id\":\"https:\/\/tallinnasaun.ee\/en\/house-rules\/#breadcrumb\"},\"inLanguage\":\"en-US\",\"potentialAction\":[{\"@type\":\"ReadAction\",\"target\":[\"https:\/\/tallinnasaun.ee\/en\/house-rules\/\"]}]},{\"@type\":\"BreadcrumbList\",\"@id\":\"https:\/\/tallinnasaun.ee\/en\/house-rules\/#breadcrumb\",\"itemListElement\":[{\"@type\":\"ListItem\",\"position\":1,\"name\":\"Home\",\"item\":\"https:\/\/tallinnasaun.ee\/en\/\"},{\"@type\":\"ListItem\",\"position\":2,\"name\":\"Visiting information and house rules\"}]},{\"@type\":\"WebSite\",\"@id\":\"http:\/\/www.tallinnasaun.ee\/#website\",\"url\":\"http:\/\/www.tallinnasaun.ee\/\",\"name\":\"Tallinna Saun\",\"description\":\"Tartu maantee saun Tallinnas\",\"publisher\":{\"@id\":\"http:\/\/www.tallinnasaun.ee\/#organization\"},\"potentialAction\":[{\"@type\":\"SearchAction\",\"target\":{\"@type\":\"EntryPoint\",\"urlTemplate\":\"http:\/\/www.tallinnasaun.ee\/?s={search_term_string}\"},\"query-input\":{\"@type\":\"PropertyValueSpecification\",\"valueRequired\":true,\"valueName\":\"search_term_string\"}}],\"inLanguage\":\"en-US\"},{\"@type\":\"Organization\",\"@id\":\"http:\/\/www.tallinnasaun.ee\/#organization\",\"name\":\"Tallinna Saun\",\"url\":\"http:\/\/www.tallinnasaun.ee\/\",\"logo\":{\"@type\":\"ImageObject\",\"inLanguage\":\"en-US\",\"@id\":\"http:\/\/www.tallinnasaun.ee\/#\/schema\/logo\/image\/\",\"url\":\"https:\/\/tallinnasaun.ee\/wp-content\/uploads\/2016\/11\/saunaviht.jpg\",\"contentUrl\":\"https:\/\/tallinnasaun.ee\/wp-content\/uploads\/2016\/11\/saunaviht.jpg\",\"width\":797,\"height\":531,\"caption\":\"Tallinna Saun\"},\"image\":{\"@id\":\"http:\/\/www.tallinnasaun.ee\/#\/schema\/logo\/image\/\"}}]}<\/script>\n<!-- \/ Yoast SEO plugin. -->","yoast_head_json":{"title":"Visiting information and house rules - Tallinna Saun","description":"Kallis saunleja ! Tallinna Sauna heakord - Palun j\u00e4rgi allolevaid juhiseid, et saunask\u00e4igust kujuneks meeldiv elamus nii Sulle endale kui teistele.","robots":{"index":"index","follow":"follow","max-snippet":"max-snippet:-1","max-image-preview":"max-image-preview:large","max-video-preview":"max-video-preview:-1"},"canonical":"https:\/\/tallinnasaun.ee\/en\/house-rules\/","og_locale":"en_US","og_type":"article","og_title":"Visiting information and house rules - Tallinna Saun","og_description":"Kallis saunleja ! Tallinna Sauna heakord - Palun j\u00e4rgi allolevaid juhiseid, et saunask\u00e4igust kujuneks meeldiv elamus nii Sulle endale kui teistele.","og_url":"https:\/\/tallinnasaun.ee\/en\/house-rules\/","og_site_name":"Tallinna Saun","article_modified_time":"2023-03-24T22:07:20+00:00","twitter_card":"summary_large_image","twitter_misc":{"Est. reading time":"2 minutes"},"schema":{"@context":"https:\/\/schema.org","@graph":[{"@type":"WebPage","@id":"https:\/\/tallinnasaun.ee\/en\/house-rules\/","url":"https:\/\/tallinnasaun.ee\/en\/house-rules\/","name":"Visiting information and house rules - Tallinna Saun","isPartOf":{"@id":"http:\/\/www.tallinnasaun.ee\/#website"},"datePublished":"2016-10-13T10:44:43+00:00","dateModified":"2023-03-24T22:07:20+00:00","description":"Kallis saunleja ! Tallinna Sauna heakord - Palun j\u00e4rgi allolevaid juhiseid, et saunask\u00e4igust kujuneks meeldiv elamus nii Sulle endale kui teistele.","breadcrumb":{"@id":"https:\/\/tallinnasaun.ee\/en\/house-rules\/#breadcrumb"},"inLanguage":"en-US","potentialAction":[{"@type":"ReadAction","target":["https:\/\/tallinnasaun.ee\/en\/house-rules\/"]}]},{"@type":"BreadcrumbList","@id":"https:\/\/tallinnasaun.ee\/en\/house-rules\/#breadcrumb","itemListElement":[{"@type":"ListItem","position":1,"name":"Home","item":"https:\/\/tallinnasaun.ee\/en\/"},{"@type":"ListItem","position":2,"name":"Visiting information and house rules"}]},{"@type":"WebSite","@id":"http:\/\/www.tallinnasaun.ee\/#website","url":"http:\/\/www.tallinnasaun.ee\/","name":"Tallinna Saun","description":"Tartu maantee saun Tallinnas","publisher":{"@id":"http:\/\/www.tallinnasaun.ee\/#organization"},"potentialAction":[{"@type":"SearchAction","target":{"@type":"EntryPoint","urlTemplate":"http:\/\/www.tallinnasaun.ee\/?s={search_term_string}"},"query-input":{"@type":"PropertyValueSpecification","valueRequired":true,"valueName":"search_term_string"}}],"inLanguage":"en-US"},{"@type":"Organization","@id":"http:\/\/www.tallinnasaun.ee\/#organization","name":"Tallinna Saun","url":"http:\/\/www.tallinnasaun.ee\/","logo":{"@type":"ImageObject","inLanguage":"en-US","@id":"http:\/\/www.tallinnasaun.ee\/#\/schema\/logo\/image\/","url":"https:\/\/tallinnasaun.ee\/wp-content\/uploads\/2016\/11\/saunaviht.jpg","contentUrl":"https:\/\/tallinnasaun.ee\/wp-content\/uploads\/2016\/11\/saunaviht.jpg","width":797,"height":531,"caption":"Tallinna Saun"},"image":{"@id":"http:\/\/www.tallinnasaun.ee\/#\/schema\/logo\/image\/"}}]}},"_links":{"self":[{"href":"https:\/\/tallinnasaun.ee\/en\/wp-json\/wp\/v2\/pages\/569","targetHints":{"allow":["GET"]}}],"collection":[{"href":"https:\/\/tallinnasaun.ee\/en\/wp-json\/wp\/v2\/pages"}],"about":[{"href":"https:\/\/tallinnasaun.ee\/en\/wp-json\/wp\/v2\/types\/page"}],"author":[{"embeddable":true,"href":"https:\/\/tallinnasaun.ee\/en\/wp-json\/wp\/v2\/users\/3"}],"replies":[{"embeddable":true,"href":"https:\/\/tallinnasaun.ee\/en\/wp-json\/wp\/v2\/comments?post=569"}],"version-history":[{"count":0,"href":"https:\/\/tallinnasaun.ee\/en\/wp-json\/wp\/v2\/pages\/569\/revisions"}],"wp:attachment":[{"href":"https:\/\/tallinnasaun.ee\/en\/wp-json\/wp\/v2\/media?parent=569"}],"curies":[{"name":"wp","href":"https:\/\/api.w.org\/{rel}","templated":true}]}}