{"id":575,"date":"2016-11-28T11:59:18","date_gmt":"2016-11-28T11:59:18","guid":{"rendered":"https:\/\/tallinnasaun.ee\/huvitavat-lugemist\/ajaloost\/"},"modified":"2017-02-20T14:18:38","modified_gmt":"2017-02-20T14:18:38","slug":"history","status":"publish","type":"page","link":"https:\/\/tallinnasaun.ee\/en\/interesting-facts\/history\/","title":{"rendered":"History"},"content":{"rendered":"<p>[et_pb_section transparent_background=&#8221;off&#8221; allow_player_pause=&#8221;off&#8221; inner_shadow=&#8221;off&#8221; parallax=&#8221;off&#8221; parallax_method=&#8221;on&#8221; padding_mobile=&#8221;off&#8221; make_fullwidth=&#8221;off&#8221; use_custom_width=&#8221;off&#8221; width_unit=&#8221;off&#8221; custom_width_px=&#8221;1080px&#8221; custom_width_percent=&#8221;80%&#8221; make_equal=&#8221;off&#8221; use_custom_gutter=&#8221;off&#8221; fullwidth=&#8221;off&#8221; specialty=&#8221;off&#8221; admin_label=&#8221;section&#8221; disabled=&#8221;off&#8221;][et_pb_row make_fullwidth=&#8221;off&#8221; use_custom_width=&#8221;off&#8221; width_unit=&#8221;off&#8221; custom_width_px=&#8221;1080px&#8221; custom_width_percent=&#8221;80%&#8221; use_custom_gutter=&#8221;off&#8221; gutter_width=&#8221;3&#8243; padding_mobile=&#8221;off&#8221; allow_player_pause=&#8221;off&#8221; parallax=&#8221;off&#8221; parallax_method=&#8221;on&#8221; make_equal=&#8221;off&#8221; column_padding_mobile=&#8221;on&#8221; parallax_1=&#8221;off&#8221; parallax_method_1=&#8221;on&#8221; parallax_2=&#8221;off&#8221; parallax_method_2=&#8221;on&#8221; parallax_3=&#8221;off&#8221; parallax_method_3=&#8221;on&#8221; parallax_4=&#8221;off&#8221; parallax_method_4=&#8221;on&#8221; admin_label=&#8221;row&#8221; disabled=&#8221;off&#8221;][et_pb_column type=&#8221;1_2&#8243; disabled=&#8221;off&#8221; parallax=&#8221;off&#8221; parallax_method=&#8221;on&#8221; column_padding_mobile=&#8221;on&#8221;][et_pb_text background_layout=&#8221;light&#8221; text_orientation=&#8221;left&#8221; admin_label=&#8221;Text&#8221; use_border_color=&#8221;off&#8221; border_style=&#8221;solid&#8221; disabled=&#8221;off&#8221;]<\/p>\n<div class=\" et_pb_row et_pb_row_0\"><strong>Torupilli district<\/strong><\/div>\n<p>[\/et_pb_text][et_pb_text background_layout=&#8221;light&#8221; text_orientation=&#8221;left&#8221; admin_label=&#8221;Text&#8221; use_border_color=&#8221;off&#8221; border_style=&#8221;solid&#8221; disabled=&#8221;off&#8221;]<\/p>\n<p style=\"text-align: justify;\" data-mce-style=\"text-align: justify;\">The sauna at Tartu maantee is located at cultural and historical Torupilli district.<\/p>\n<p style=\"text-align: justify;\" data-mce-style=\"text-align: justify;\">The name of Torupilli district comes from an old tavern that was once located on the cross road of Tartu road and Torupilli street.&nbsp;<\/p>\n<p style=\"text-align: justify;\" data-mce-style=\"text-align: justify;\">In the beginning of the 20th century this part of Tallinn was mainly uninhabited, and paddocks, vegetable and fruit gardens were spreading here. The beginning of Tartu road, closer to city centre, was build up already in the 13th century, however the wide and steady constructing works started in 18th and 19th century. It was the time when Peter the Great declared Tallinn to be the base of Russian military navy on the coast of Baltic Sea. The relocated officers and boatswains started to buy real estate here in Tallinn. The Torupilli district solid development was finalized by 1910. It was unique that at this time a narrow track railway went right throw this district exactly at the corner of Tartu road 73 (see the picture on the right). &nbsp;<\/p>\n<p style=\"text-align: justify;\" data-mce-style=\"text-align: justify;\">The building at Tartu road (or Tartu maantee) 73 is from 19th century. The construction of the building started from T\u00fcrnpu street, where originally was a horse stable. Later a laundry, sauna and apartments were built. By 1882 the construction was finalized and with this a modern service building was established.&nbsp;<\/p>\n<p style=\"text-align: justify;\" data-mce-style=\"text-align: justify;\"><\/p>\n<p>(Reference: <a href=\"https:\/\/www.tallinn.ee\/est\/ehitus\/Miljoovaartuslikud-piirkonnad-Tallinnas-3\">https:\/\/www.tallinn.ee\/est\/ehitus\/Miljoovaartuslikud-piirkonnad-Tallinnas-3<\/a>)<\/p>\n<p>[\/et_pb_text][\/et_pb_column][et_pb_column type=&#8221;1_2&#8243; disabled=&#8221;off&#8221; parallax=&#8221;off&#8221; parallax_method=&#8221;on&#8221; column_padding_mobile=&#8221;on&#8221;][et_pb_text background_layout=&#8221;light&#8221; text_orientation=&#8221;left&#8221; admin_label=&#8221;Text&#8221; use_border_color=&#8221;off&#8221; border_style=&#8221;solid&#8221; disabled=&#8221;off&#8221;]<\/p>\n<p>\u00a0<\/p>\n<p>\u00a0<\/p>\n<p>\u00a0<\/p>\n<p>\u00a0<\/p>\n<p>[\/et_pb_text][et_pb_text background_layout=&#8221;light&#8221; text_orientation=&#8221;left&#8221; admin_label=&#8221;Text&#8221; use_border_color=&#8221;off&#8221; border_style=&#8221;solid&#8221; disabled=&#8221;off&#8221;]<\/p>\n<p><a href=\"https:\/\/tallinnasaun.ee\/wp-content\/uploads\/2016\/11\/history-2.jpg\"><img loading=\"lazy\" decoding=\"async\" class=\"alignnone wp-image-294\" src=\"https:\/\/tallinnasaun.ee\/wp-content\/uploads\/2016\/11\/history-2-300x197.jpg\" alt=\"history\" width=\"403\" height=\"265\" srcset=\"https:\/\/tallinnasaun.ee\/wp-content\/uploads\/2016\/11\/history-2-300x197.jpg 300w, https:\/\/tallinnasaun.ee\/wp-content\/uploads\/2016\/11\/history-2.jpg 752w\" sizes=\"(max-width: 403px) 100vw, 403px\" \/><\/a><\/p>\n<p>Photo M.Arro. M.Helme private collection<\/p>\n<p>[\/et_pb_text][\/et_pb_column][\/et_pb_row][\/et_pb_section]<\/p>\n","protected":false},"excerpt":{"rendered":"<p>Torupilli districtThe sauna at Tartu maantee is located at cultural and historical Torupilli district. The name of Torupilli district comes from an old tavern that was once located on the cross road of Tartu road and Torupilli street.&nbsp; In the beginning of the 20th century this part of Tallinn was mainly uninhabited, and paddocks, vegetable [&hellip;]<\/p>\n","protected":false},"author":4,"featured_media":0,"parent":573,"menu_order":0,"comment_status":"closed","ping_status":"closed","template":"","meta":{"_et_pb_use_builder":"on","_et_pb_old_content":"<div class=\" et_pb_row et_pb_row_0\">\r\n<div class=\"et_pb_column et_pb_column_4_4 et_pb_column_0\">\r\n<div class=\"et_pb_text et_pb_module et_pb_bg_layout_light et_pb_text_align_left et_pb_text_0\">\r\n\r\n<strong>Torupilli asum<\/strong>\r\n\r\n<\/div>\r\n<\/div>\r\n<\/div>\r\n<div class=\" et_pb_row et_pb_row_1\">\r\n<div class=\"et_pb_column et_pb_column_1_2 et_pb_column_1\">\r\n<div class=\"et_pb_text et_pb_module et_pb_bg_layout_light et_pb_text_align_left et_pb_text_1\">\r\n\r\nTartu maantee leilisaun asub Tallinna Torupilli milj\u00f6\u00f6v\u00e4\u00e4rtusliku ala piiril.\r\n\r\nTorupilli asum sai oma nime kunagi Torupilli t\u00e4nava ja Tartu maantee nurgal asuva samanimelise k\u00f5rtsi j\u00e4rgi. Torupilli ala piirid l\u00e4hevad t\u00e4na Tartu maanteelt m\u00f6\u00f6da Pronksi t\u00e4navat Gonsiori t\u00e4navanini ning sealt Vilmsi ja Lubja t\u00e4nava kaudu taas Tartu maanteele.\r\n\r\n20. sajandi alguses oli see Talliinna eeslinn veel enamjaolt asustamata ning siin laiusid karjakoplid, juurvilja- ja viljapuuaiad. Tartu maantee algus aga oli hoonestatud juba 13. sajandi aguses. 18. sajandi l\u00f5puks oli Tartu maantee hoonestatud kuni t\u00e4nase Odra t\u00e4nava ristmikuni. Torupilli asumi piirkonna \u00fchtlasem hoonestus hakkas tekkima 18. ja 19. sajandil kui Peeter I korralduse alusel m\u00e4\u00e4rati Tallinn Vene s\u00f5jalaevastiku baasiks L\u00e4\u00e4nemerel ning baasi ohvitserid ja pootsmanid omandasid eeslinnades krunte. Torupilli asumis algas p\u00f5hiline elamuala rajamine peale 1910. aastat. Lisaks tsaariaegsetele elamutele ehitati siia mitmeid Tallinna t\u00fc\u00fcpi kivitrepikojaga puumaju. Sellist t\u00fc\u00fcpi majad moodustavad tervikliku rea T\u00fcrnpu t\u00e4naval, kus omal ajal kulges kitsar\u00f6\u00f6paline raudtee.\r\n\r\n<a href=\"https:\/\/tallinnasaun.ee\/wp-content\/uploads\/2016\/11\/history-2-300x197.jpg\"><img class=\"alignnone size-medium wp-image-294\" src=\"https:\/\/tallinnasaun.ee\/wp-content\/uploads\/2016\/11\/history-2-300x197.jpg\" alt=\"history\" width=\"300\" height=\"197\" \/><\/a>\r\n\r\nFoto M.Arro. M.Helme erakogu\r\n\r\nT\u00e4nane Tartu mnt. 73 asuv leilisaun p\u00e4rineb 19. sajandist. Hoone, mis asub J.Kappeli ja K.T\u00fcrnpu vahelisel alal, ehitus algas T\u00fcrnpu t\u00e4navapoolsest osast, kuhu rajati hobusetall. Sellele lisandus pesumaja, saunaruumid ja korterid, mille valmimisega 1882 aastal kerkis Tartu maantee \u00e4\u00e4rde tolleaegne moodne teenindusmaja.\r\n\r\nTorupilli asumi l\u00f5plik hoonestus toimus peale 1930 aastat, mil kerkisid \u00a0kivist 4-6 kordsed korterelamud Gonsiori t\u00e4nava ja Politseipargi kanti. Politseipark, endine kroonu juurviljaaia s\u00fcdamik, s\u00e4ilitati haljasalana.\r\n\r\n(Allikas: <a href=\"https:\/\/www.tallinn.ee\/est\/ehitus\/Miljoovaartuslikud-piirkonnad-Tallinnas-3\">https:\/\/www.tallinn.ee\/est\/ehitus\/Miljoovaartuslikud-piirkonnad-Tallinnas-3<\/a>)\r\n\r\n<\/div>\r\n<\/div>\r\n<\/div>","_et_gb_content_width":"","footnotes":""},"class_list":["post-575","page","type-page","status-publish","hentry"],"yoast_head":"<!-- This site is optimized with the Yoast SEO plugin v25.5 - https:\/\/yoast.com\/wordpress\/plugins\/seo\/ -->\n<title>History - Tallinna Saun<\/title>\n<meta name=\"robots\" content=\"index, follow, max-snippet:-1, max-image-preview:large, max-video-preview:-1\" \/>\n<link rel=\"canonical\" href=\"https:\/\/tallinnasaun.ee\/en\/interesting-facts\/history\/\" \/>\n<meta property=\"og:locale\" content=\"en_US\" \/>\n<meta property=\"og:type\" content=\"article\" \/>\n<meta property=\"og:title\" content=\"History - Tallinna Saun\" \/>\n<meta property=\"og:description\" content=\"Torupilli districtThe sauna at Tartu maantee is located at cultural and historical Torupilli district. The name of Torupilli district comes from an old tavern that was once located on the cross road of Tartu road and Torupilli street.&nbsp; In the beginning of the 20th century this part of Tallinn was mainly uninhabited, and paddocks, vegetable [&hellip;]\" \/>\n<meta property=\"og:url\" content=\"https:\/\/tallinnasaun.ee\/en\/interesting-facts\/history\/\" \/>\n<meta property=\"og:site_name\" content=\"Tallinna Saun\" \/>\n<meta property=\"article:modified_time\" content=\"2017-02-20T14:18:38+00:00\" \/>\n<meta property=\"og:image\" content=\"https:\/\/tallinnasaun.ee\/wp-content\/uploads\/2016\/11\/history-2-300x197.jpg\" \/>\n<meta name=\"twitter:card\" content=\"summary_large_image\" \/>\n<meta name=\"twitter:label1\" content=\"Est. reading time\" \/>\n\t<meta name=\"twitter:data1\" content=\"2 minutes\" \/>\n<script type=\"application\/ld+json\" class=\"yoast-schema-graph\">{\"@context\":\"https:\/\/schema.org\",\"@graph\":[{\"@type\":\"WebPage\",\"@id\":\"https:\/\/tallinnasaun.ee\/en\/interesting-facts\/history\/\",\"url\":\"https:\/\/tallinnasaun.ee\/en\/interesting-facts\/history\/\",\"name\":\"History - Tallinna Saun\",\"isPartOf\":{\"@id\":\"http:\/\/www.tallinnasaun.ee\/#website\"},\"primaryImageOfPage\":{\"@id\":\"https:\/\/tallinnasaun.ee\/en\/interesting-facts\/history\/#primaryimage\"},\"image\":{\"@id\":\"https:\/\/tallinnasaun.ee\/en\/interesting-facts\/history\/#primaryimage\"},\"thumbnailUrl\":\"https:\/\/tallinnasaun.ee\/wp-content\/uploads\/2016\/11\/history-2-300x197.jpg\",\"datePublished\":\"2016-11-28T11:59:18+00:00\",\"dateModified\":\"2017-02-20T14:18:38+00:00\",\"breadcrumb\":{\"@id\":\"https:\/\/tallinnasaun.ee\/en\/interesting-facts\/history\/#breadcrumb\"},\"inLanguage\":\"en-US\",\"potentialAction\":[{\"@type\":\"ReadAction\",\"target\":[\"https:\/\/tallinnasaun.ee\/en\/interesting-facts\/history\/\"]}]},{\"@type\":\"ImageObject\",\"inLanguage\":\"en-US\",\"@id\":\"https:\/\/tallinnasaun.ee\/en\/interesting-facts\/history\/#primaryimage\",\"url\":\"https:\/\/tallinnasaun.ee\/wp-content\/uploads\/2016\/11\/history-2-300x197.jpg\",\"contentUrl\":\"https:\/\/tallinnasaun.ee\/wp-content\/uploads\/2016\/11\/history-2-300x197.jpg\"},{\"@type\":\"BreadcrumbList\",\"@id\":\"https:\/\/tallinnasaun.ee\/en\/interesting-facts\/history\/#breadcrumb\",\"itemListElement\":[{\"@type\":\"ListItem\",\"position\":1,\"name\":\"Home\",\"item\":\"https:\/\/tallinnasaun.ee\/en\/\"},{\"@type\":\"ListItem\",\"position\":2,\"name\":\"Interesting facts\",\"item\":\"https:\/\/tallinnasaun.ee\/en\/interesting-facts\/\"},{\"@type\":\"ListItem\",\"position\":3,\"name\":\"History\"}]},{\"@type\":\"WebSite\",\"@id\":\"http:\/\/www.tallinnasaun.ee\/#website\",\"url\":\"http:\/\/www.tallinnasaun.ee\/\",\"name\":\"Tallinna Saun\",\"description\":\"Tartu maantee saun Tallinnas\",\"publisher\":{\"@id\":\"http:\/\/www.tallinnasaun.ee\/#organization\"},\"potentialAction\":[{\"@type\":\"SearchAction\",\"target\":{\"@type\":\"EntryPoint\",\"urlTemplate\":\"http:\/\/www.tallinnasaun.ee\/?s={search_term_string}\"},\"query-input\":{\"@type\":\"PropertyValueSpecification\",\"valueRequired\":true,\"valueName\":\"search_term_string\"}}],\"inLanguage\":\"en-US\"},{\"@type\":\"Organization\",\"@id\":\"http:\/\/www.tallinnasaun.ee\/#organization\",\"name\":\"Tallinna Saun\",\"url\":\"http:\/\/www.tallinnasaun.ee\/\",\"logo\":{\"@type\":\"ImageObject\",\"inLanguage\":\"en-US\",\"@id\":\"http:\/\/www.tallinnasaun.ee\/#\/schema\/logo\/image\/\",\"url\":\"https:\/\/tallinnasaun.ee\/wp-content\/uploads\/2016\/11\/saunaviht.jpg\",\"contentUrl\":\"https:\/\/tallinnasaun.ee\/wp-content\/uploads\/2016\/11\/saunaviht.jpg\",\"width\":797,\"height\":531,\"caption\":\"Tallinna Saun\"},\"image\":{\"@id\":\"http:\/\/www.tallinnasaun.ee\/#\/schema\/logo\/image\/\"}}]}<\/script>\n<!-- \/ Yoast SEO plugin. -->","yoast_head_json":{"title":"History - Tallinna Saun","robots":{"index":"index","follow":"follow","max-snippet":"max-snippet:-1","max-image-preview":"max-image-preview:large","max-video-preview":"max-video-preview:-1"},"canonical":"https:\/\/tallinnasaun.ee\/en\/interesting-facts\/history\/","og_locale":"en_US","og_type":"article","og_title":"History - Tallinna Saun","og_description":"Torupilli districtThe sauna at Tartu maantee is located at cultural and historical Torupilli district. The name of Torupilli district comes from an old tavern that was once located on the cross road of Tartu road and Torupilli street.&nbsp; In the beginning of the 20th century this part of Tallinn was mainly uninhabited, and paddocks, vegetable [&hellip;]","og_url":"https:\/\/tallinnasaun.ee\/en\/interesting-facts\/history\/","og_site_name":"Tallinna Saun","article_modified_time":"2017-02-20T14:18:38+00:00","og_image":[{"url":"https:\/\/tallinnasaun.ee\/wp-content\/uploads\/2016\/11\/history-2-300x197.jpg","type":"","width":"","height":""}],"twitter_card":"summary_large_image","twitter_misc":{"Est. reading time":"2 minutes"},"schema":{"@context":"https:\/\/schema.org","@graph":[{"@type":"WebPage","@id":"https:\/\/tallinnasaun.ee\/en\/interesting-facts\/history\/","url":"https:\/\/tallinnasaun.ee\/en\/interesting-facts\/history\/","name":"History - Tallinna Saun","isPartOf":{"@id":"http:\/\/www.tallinnasaun.ee\/#website"},"primaryImageOfPage":{"@id":"https:\/\/tallinnasaun.ee\/en\/interesting-facts\/history\/#primaryimage"},"image":{"@id":"https:\/\/tallinnasaun.ee\/en\/interesting-facts\/history\/#primaryimage"},"thumbnailUrl":"https:\/\/tallinnasaun.ee\/wp-content\/uploads\/2016\/11\/history-2-300x197.jpg","datePublished":"2016-11-28T11:59:18+00:00","dateModified":"2017-02-20T14:18:38+00:00","breadcrumb":{"@id":"https:\/\/tallinnasaun.ee\/en\/interesting-facts\/history\/#breadcrumb"},"inLanguage":"en-US","potentialAction":[{"@type":"ReadAction","target":["https:\/\/tallinnasaun.ee\/en\/interesting-facts\/history\/"]}]},{"@type":"ImageObject","inLanguage":"en-US","@id":"https:\/\/tallinnasaun.ee\/en\/interesting-facts\/history\/#primaryimage","url":"https:\/\/tallinnasaun.ee\/wp-content\/uploads\/2016\/11\/history-2-300x197.jpg","contentUrl":"https:\/\/tallinnasaun.ee\/wp-content\/uploads\/2016\/11\/history-2-300x197.jpg"},{"@type":"BreadcrumbList","@id":"https:\/\/tallinnasaun.ee\/en\/interesting-facts\/history\/#breadcrumb","itemListElement":[{"@type":"ListItem","position":1,"name":"Home","item":"https:\/\/tallinnasaun.ee\/en\/"},{"@type":"ListItem","position":2,"name":"Interesting facts","item":"https:\/\/tallinnasaun.ee\/en\/interesting-facts\/"},{"@type":"ListItem","position":3,"name":"History"}]},{"@type":"WebSite","@id":"http:\/\/www.tallinnasaun.ee\/#website","url":"http:\/\/www.tallinnasaun.ee\/","name":"Tallinna Saun","description":"Tartu maantee saun Tallinnas","publisher":{"@id":"http:\/\/www.tallinnasaun.ee\/#organization"},"potentialAction":[{"@type":"SearchAction","target":{"@type":"EntryPoint","urlTemplate":"http:\/\/www.tallinnasaun.ee\/?s={search_term_string}"},"query-input":{"@type":"PropertyValueSpecification","valueRequired":true,"valueName":"search_term_string"}}],"inLanguage":"en-US"},{"@type":"Organization","@id":"http:\/\/www.tallinnasaun.ee\/#organization","name":"Tallinna Saun","url":"http:\/\/www.tallinnasaun.ee\/","logo":{"@type":"ImageObject","inLanguage":"en-US","@id":"http:\/\/www.tallinnasaun.ee\/#\/schema\/logo\/image\/","url":"https:\/\/tallinnasaun.ee\/wp-content\/uploads\/2016\/11\/saunaviht.jpg","contentUrl":"https:\/\/tallinnasaun.ee\/wp-content\/uploads\/2016\/11\/saunaviht.jpg","width":797,"height":531,"caption":"Tallinna Saun"},"image":{"@id":"http:\/\/www.tallinnasaun.ee\/#\/schema\/logo\/image\/"}}]}},"_links":{"self":[{"href":"https:\/\/tallinnasaun.ee\/en\/wp-json\/wp\/v2\/pages\/575","targetHints":{"allow":["GET"]}}],"collection":[{"href":"https:\/\/tallinnasaun.ee\/en\/wp-json\/wp\/v2\/pages"}],"about":[{"href":"https:\/\/tallinnasaun.ee\/en\/wp-json\/wp\/v2\/types\/page"}],"author":[{"embeddable":true,"href":"https:\/\/tallinnasaun.ee\/en\/wp-json\/wp\/v2\/users\/4"}],"replies":[{"embeddable":true,"href":"https:\/\/tallinnasaun.ee\/en\/wp-json\/wp\/v2\/comments?post=575"}],"version-history":[{"count":0,"href":"https:\/\/tallinnasaun.ee\/en\/wp-json\/wp\/v2\/pages\/575\/revisions"}],"up":[{"embeddable":true,"href":"https:\/\/tallinnasaun.ee\/en\/wp-json\/wp\/v2\/pages\/573"}],"wp:attachment":[{"href":"https:\/\/tallinnasaun.ee\/en\/wp-json\/wp\/v2\/media?parent=575"}],"curies":[{"name":"wp","href":"https:\/\/api.w.org\/{rel}","templated":true}]}}