{"id":581,"date":"2016-09-26T10:04:06","date_gmt":"2016-09-26T10:04:06","guid":{"rendered":"https:\/\/tallinnasaun.ee\/kontakt\/"},"modified":"2023-03-25T00:11:03","modified_gmt":"2023-03-24T22:11:03","slug":"contact-us","status":"publish","type":"page","link":"https:\/\/tallinnasaun.ee\/en\/contact-us\/","title":{"rendered":"Contact us"},"content":{"rendered":"<p>[et_pb_section transparent_background=&#8221;off&#8221; allow_player_pause=&#8221;off&#8221; inner_shadow=&#8221;off&#8221; parallax=&#8221;off&#8221; parallax_method=&#8221;on&#8221; custom_padding=&#8221;54px|0px|54px|0px&#8221; padding_mobile=&#8221;off&#8221; make_fullwidth=&#8221;off&#8221; use_custom_width=&#8221;off&#8221; width_unit=&#8221;off&#8221; custom_width_px=&#8221;1080px&#8221; custom_width_percent=&#8221;80%&#8221; make_equal=&#8221;off&#8221; use_custom_gutter=&#8221;off&#8221; fullwidth=&#8221;off&#8221; specialty=&#8221;off&#8221; admin_label=&#8221;section&#8221; disabled=&#8221;off&#8221;][et_pb_row make_fullwidth=&#8221;off&#8221; use_custom_width=&#8221;off&#8221; width_unit=&#8221;on&#8221; custom_width_px=&#8221;1080px&#8221; custom_width_percent=&#8221;80%&#8221; use_custom_gutter=&#8221;off&#8221; gutter_width=&#8221;3&#8243; padding_mobile=&#8221;off&#8221; allow_player_pause=&#8221;off&#8221; parallax=&#8221;off&#8221; parallax_method=&#8221;off&#8221; make_equal=&#8221;on&#8221; column_padding_mobile=&#8221;on&#8221; parallax_1=&#8221;off&#8221; parallax_method_1=&#8221;off&#8221; parallax_2=&#8221;off&#8221; parallax_method_2=&#8221;off&#8221; parallax_3=&#8221;off&#8221; parallax_method_3=&#8221;on&#8221; parallax_4=&#8221;off&#8221; parallax_method_4=&#8221;on&#8221; admin_label=&#8221;row&#8221; disabled=&#8221;off&#8221;][et_pb_column type=&#8221;2_3&#8243; disabled=&#8221;off&#8221; parallax=&#8221;off&#8221; parallax_method=&#8221;off&#8221; column_padding_mobile=&#8221;on&#8221;][et_pb_code admin_label=&#8221;Code&#8221; disabled=&#8221;off&#8221;]<iframe loading=\"lazy\" style=\"border: 0;\" src=\"https:\/\/www.google.com\/maps\/embed?pb=!1m14!1m8!1m3!1d8117.112577685457!2d24.7769632!3d59.4284355!3m2!1i1024!2i768!4f13.1!3m3!1m2!1s0x0%3A0x82860730ce9ad923!2sBrandmann+O%C3%9C!5e0!3m2!1sen!2see!4v1474884175724\" width=\"600\" height=\"450\" frameborder=\"0\" allowfullscreen=\"allowfullscreen\"><\/iframe>[\/et_pb_code][\/et_pb_column][et_pb_column type=&#8221;1_3&#8243; disabled=&#8221;off&#8221; parallax=&#8221;off&#8221; parallax_method=&#8221;off&#8221; column_padding_mobile=&#8221;on&#8221;][et_pb_text background_layout=&#8221;light&#8221; text_orientation=&#8221;left&#8221; admin_label=&#8221;Text&#8221; use_border_color=&#8221;off&#8221; border_style=&#8221;solid&#8221; disabled=&#8221;off&#8221;]<\/p>\n<h1>CONTACT US<\/h1>\n<p><strong>OPENING TIMES:<\/strong><\/p>\n<p>FROM MONDAY TO SUNDAY<br \/>\nFROM 10AM TO 9PM<\/p>\n<p>THE ENTRANCE IS CLOSED FROM 7PM.<\/p>\n<p><strong>THE SAUNA IS CLOSED ON WEDNESDAYS<\/strong><\/p>\n<p>Tel: + 372 601 0419<br \/>\nTartu maantee 73, 10115<br \/>\nTALLINN<\/p>\n<p>It is convenient to arrive by tram number 2 or 4, the stop is named Bussijaam.<br \/>\nFor the visitor, it is possible to park the car for 2 hours behind the house for free (entrance from J. Kappeli 1).<\/p>\n<h4><strong>FOR PRIVATE EVENTS PLEASE CONTACT US AT\u00a0<\/strong><strong><span style=\"color: #008000;\">info@tallinnasaun.ee<\/span><\/strong><\/h4>\n<p>[\/et_pb_text][\/et_pb_column][\/et_pb_row][et_pb_row make_fullwidth=&#8221;off&#8221; use_custom_width=&#8221;off&#8221; width_unit=&#8221;off&#8221; custom_width_px=&#8221;1080px&#8221; custom_width_percent=&#8221;80%&#8221; use_custom_gutter=&#8221;off&#8221; gutter_width=&#8221;3&#8243; padding_mobile=&#8221;off&#8221; allow_player_pause=&#8221;off&#8221; parallax=&#8221;off&#8221; parallax_method=&#8221;on&#8221; make_equal=&#8221;off&#8221; column_padding_mobile=&#8221;on&#8221; parallax_1=&#8221;off&#8221; parallax_method_1=&#8221;on&#8221; parallax_2=&#8221;off&#8221; parallax_method_2=&#8221;on&#8221; parallax_3=&#8221;off&#8221; parallax_method_3=&#8221;on&#8221; parallax_4=&#8221;off&#8221; parallax_method_4=&#8221;on&#8221; admin_label=&#8221;Row&#8221; disabled=&#8221;off&#8221;][et_pb_column type=&#8221;4_4&#8243; disabled=&#8221;off&#8221; parallax=&#8221;off&#8221; parallax_method=&#8221;on&#8221; column_padding_mobile=&#8221;on&#8221;][et_pb_contact_form captcha=&#8221;on&#8221; email=&#8221;info@tallinnasaun.ee&#8221; title=&#8221;Contact us&#8221; use_redirect=&#8221;on&#8221; redirect_url=&#8221;https:\/\/tallinnasaun.ee\/sinu-e-mail-on-saadetud\/&#8221; form_background_color=&#8221;#ffffff&#8221; input_border_radius=&#8221;0&#8243; admin_label=&#8221;Contact Form&#8221; module_id=&#8221;et_pb_contact_form_0&#8243; use_border_color=&#8221;on&#8221; border_color=&#8221;#cccccc&#8221; border_width=&#8221;1px&#8221; border_style=&#8221;solid&#8221; custom_button=&#8221;off&#8221; button_text_size=&#8221;20&#8243; button_letter_spacing=&#8221;0&#8243; button_use_icon=&#8221;default&#8221; button_icon_placement=&#8221;right&#8221; button_on_hover=&#8221;on&#8221; button_letter_spacing_hover=&#8221;0&#8243; disabled=&#8221;off&#8221;][et_pb_contact_field field_id=&#8221;Name&#8221; field_title=&#8221;NAME&#8221; field_type=&#8221;input&#8221; required_mark=&#8221;on&#8221; fullwidth_field=&#8221;off&#8221; input_border_radius=&#8221;0&#8243; form_field_font=&#8221;||||&#8221; use_border_color=&#8221;off&#8221; border_style=&#8221;solid&#8221; disabled=&#8221;off&#8221;] [\/et_pb_contact_field][et_pb_contact_field field_id=&#8221;Email&#8221; field_title=&#8221;E-MAIL&#8221; field_type=&#8221;email&#8221; required_mark=&#8221;on&#8221; fullwidth_field=&#8221;off&#8221; input_border_radius=&#8221;0&#8243; form_field_font=&#8221;||||&#8221; use_border_color=&#8221;off&#8221; border_style=&#8221;solid&#8221; disabled=&#8221;off&#8221;] [\/et_pb_contact_field][et_pb_contact_field field_id=&#8221;Message&#8221; field_title=&#8221;YOUR MESSAGE&#8221; field_type=&#8221;text&#8221; required_mark=&#8221;on&#8221; fullwidth_field=&#8221;on&#8221; input_border_radius=&#8221;0&#8243; form_field_font=&#8221;||||&#8221; use_border_color=&#8221;off&#8221; border_style=&#8221;solid&#8221; disabled=&#8221;off&#8221;] [\/et_pb_contact_field][\/et_pb_contact_form][et_pb_divider color=&#8221;#cccccc&#8221; show_divider=&#8221;on&#8221; divider_style=&#8221;solid&#8221; divider_position=&#8221;top&#8221; divider_weight=&#8221;1px&#8221; hide_on_mobile=&#8221;on&#8221; admin_label=&#8221;Divider&#8221; disabled=&#8221;off&#8221;] [\/et_pb_divider][\/et_pb_column][\/et_pb_row][\/et_pb_section]<\/p>\n","protected":false},"excerpt":{"rendered":"<p>CONTACT US OPENING TIMES: FROM MONDAY TO SUNDAY FROM 10AM TO 9PM THE ENTRANCE IS CLOSED FROM 7PM. THE SAUNA IS CLOSED ON WEDNESDAYS Tel: + 372 601 0419 Tartu maantee 73, 10115 TALLINN It is convenient to arrive by tram number 2 or 4, the stop is named Bussijaam. For the visitor, it is [&hellip;]<\/p>\n","protected":false},"author":1,"featured_media":0,"parent":0,"menu_order":0,"comment_status":"closed","ping_status":"closed","template":"","meta":{"_et_pb_use_builder":"on","_et_pb_old_content":"","_et_gb_content_width":"","footnotes":""},"class_list":["post-581","page","type-page","status-publish","hentry"],"yoast_head":"<!-- This site is optimized with the Yoast SEO plugin v25.5 - https:\/\/yoast.com\/wordpress\/plugins\/seo\/ -->\n<title>Tallinna saun - Tartu maantee saun - KONTAKT<\/title>\n<meta name=\"description\" content=\"Brandmann O\u00dc - Tallinna Saun. Asume aadressil Tartu maantee 73. Broneeri tunnisaun : +372 505 9232 v\u00f5i helista meile \u00fcldnumbril : 372 601 0419\" \/>\n<meta name=\"robots\" content=\"index, follow, max-snippet:-1, max-image-preview:large, max-video-preview:-1\" \/>\n<link rel=\"canonical\" href=\"https:\/\/tallinnasaun.ee\/en\/contact-us\/\" \/>\n<meta property=\"og:locale\" content=\"en_US\" \/>\n<meta property=\"og:type\" content=\"article\" \/>\n<meta property=\"og:title\" content=\"Tallinna saun - Tartu maantee saun - KONTAKT\" \/>\n<meta property=\"og:description\" content=\"Brandmann O\u00dc - Tallinna Saun. Asume aadressil Tartu maantee 73. Broneeri tunnisaun : +372 505 9232 v\u00f5i helista meile \u00fcldnumbril : 372 601 0419\" \/>\n<meta property=\"og:url\" content=\"https:\/\/tallinnasaun.ee\/en\/contact-us\/\" \/>\n<meta property=\"og:site_name\" content=\"Tallinna Saun\" \/>\n<meta property=\"article:modified_time\" content=\"2023-03-24T22:11:03+00:00\" \/>\n<meta name=\"twitter:card\" content=\"summary_large_image\" \/>\n<meta name=\"twitter:label1\" content=\"Est. reading time\" \/>\n\t<meta name=\"twitter:data1\" content=\"2 minutes\" \/>\n<script type=\"application\/ld+json\" class=\"yoast-schema-graph\">{\"@context\":\"https:\/\/schema.org\",\"@graph\":[{\"@type\":\"WebPage\",\"@id\":\"https:\/\/tallinnasaun.ee\/en\/contact-us\/\",\"url\":\"https:\/\/tallinnasaun.ee\/en\/contact-us\/\",\"name\":\"Tallinna saun - Tartu maantee saun - KONTAKT\",\"isPartOf\":{\"@id\":\"http:\/\/www.tallinnasaun.ee\/#website\"},\"datePublished\":\"2016-09-26T10:04:06+00:00\",\"dateModified\":\"2023-03-24T22:11:03+00:00\",\"description\":\"Brandmann O\u00dc - Tallinna Saun. Asume aadressil Tartu maantee 73. Broneeri tunnisaun : +372 505 9232 v\u00f5i helista meile \u00fcldnumbril : 372 601 0419\",\"breadcrumb\":{\"@id\":\"https:\/\/tallinnasaun.ee\/en\/contact-us\/#breadcrumb\"},\"inLanguage\":\"en-US\",\"potentialAction\":[{\"@type\":\"ReadAction\",\"target\":[\"https:\/\/tallinnasaun.ee\/en\/contact-us\/\"]}]},{\"@type\":\"BreadcrumbList\",\"@id\":\"https:\/\/tallinnasaun.ee\/en\/contact-us\/#breadcrumb\",\"itemListElement\":[{\"@type\":\"ListItem\",\"position\":1,\"name\":\"Home\",\"item\":\"https:\/\/tallinnasaun.ee\/en\/\"},{\"@type\":\"ListItem\",\"position\":2,\"name\":\"Contact us\"}]},{\"@type\":\"WebSite\",\"@id\":\"http:\/\/www.tallinnasaun.ee\/#website\",\"url\":\"http:\/\/www.tallinnasaun.ee\/\",\"name\":\"Tallinna Saun\",\"description\":\"Tartu maantee saun Tallinnas\",\"publisher\":{\"@id\":\"http:\/\/www.tallinnasaun.ee\/#organization\"},\"potentialAction\":[{\"@type\":\"SearchAction\",\"target\":{\"@type\":\"EntryPoint\",\"urlTemplate\":\"http:\/\/www.tallinnasaun.ee\/?s={search_term_string}\"},\"query-input\":{\"@type\":\"PropertyValueSpecification\",\"valueRequired\":true,\"valueName\":\"search_term_string\"}}],\"inLanguage\":\"en-US\"},{\"@type\":\"Organization\",\"@id\":\"http:\/\/www.tallinnasaun.ee\/#organization\",\"name\":\"Tallinna Saun\",\"url\":\"http:\/\/www.tallinnasaun.ee\/\",\"logo\":{\"@type\":\"ImageObject\",\"inLanguage\":\"en-US\",\"@id\":\"http:\/\/www.tallinnasaun.ee\/#\/schema\/logo\/image\/\",\"url\":\"https:\/\/tallinnasaun.ee\/wp-content\/uploads\/2016\/11\/saunaviht.jpg\",\"contentUrl\":\"https:\/\/tallinnasaun.ee\/wp-content\/uploads\/2016\/11\/saunaviht.jpg\",\"width\":797,\"height\":531,\"caption\":\"Tallinna Saun\"},\"image\":{\"@id\":\"http:\/\/www.tallinnasaun.ee\/#\/schema\/logo\/image\/\"}}]}<\/script>\n<!-- \/ Yoast SEO plugin. -->","yoast_head_json":{"title":"Tallinna saun - Tartu maantee saun - KONTAKT","description":"Brandmann O\u00dc - Tallinna Saun. Asume aadressil Tartu maantee 73. Broneeri tunnisaun : +372 505 9232 v\u00f5i helista meile \u00fcldnumbril : 372 601 0419","robots":{"index":"index","follow":"follow","max-snippet":"max-snippet:-1","max-image-preview":"max-image-preview:large","max-video-preview":"max-video-preview:-1"},"canonical":"https:\/\/tallinnasaun.ee\/en\/contact-us\/","og_locale":"en_US","og_type":"article","og_title":"Tallinna saun - Tartu maantee saun - KONTAKT","og_description":"Brandmann O\u00dc - Tallinna Saun. Asume aadressil Tartu maantee 73. Broneeri tunnisaun : +372 505 9232 v\u00f5i helista meile \u00fcldnumbril : 372 601 0419","og_url":"https:\/\/tallinnasaun.ee\/en\/contact-us\/","og_site_name":"Tallinna Saun","article_modified_time":"2023-03-24T22:11:03+00:00","twitter_card":"summary_large_image","twitter_misc":{"Est. reading time":"2 minutes"},"schema":{"@context":"https:\/\/schema.org","@graph":[{"@type":"WebPage","@id":"https:\/\/tallinnasaun.ee\/en\/contact-us\/","url":"https:\/\/tallinnasaun.ee\/en\/contact-us\/","name":"Tallinna saun - Tartu maantee saun - KONTAKT","isPartOf":{"@id":"http:\/\/www.tallinnasaun.ee\/#website"},"datePublished":"2016-09-26T10:04:06+00:00","dateModified":"2023-03-24T22:11:03+00:00","description":"Brandmann O\u00dc - Tallinna Saun. Asume aadressil Tartu maantee 73. Broneeri tunnisaun : +372 505 9232 v\u00f5i helista meile \u00fcldnumbril : 372 601 0419","breadcrumb":{"@id":"https:\/\/tallinnasaun.ee\/en\/contact-us\/#breadcrumb"},"inLanguage":"en-US","potentialAction":[{"@type":"ReadAction","target":["https:\/\/tallinnasaun.ee\/en\/contact-us\/"]}]},{"@type":"BreadcrumbList","@id":"https:\/\/tallinnasaun.ee\/en\/contact-us\/#breadcrumb","itemListElement":[{"@type":"ListItem","position":1,"name":"Home","item":"https:\/\/tallinnasaun.ee\/en\/"},{"@type":"ListItem","position":2,"name":"Contact us"}]},{"@type":"WebSite","@id":"http:\/\/www.tallinnasaun.ee\/#website","url":"http:\/\/www.tallinnasaun.ee\/","name":"Tallinna Saun","description":"Tartu maantee saun Tallinnas","publisher":{"@id":"http:\/\/www.tallinnasaun.ee\/#organization"},"potentialAction":[{"@type":"SearchAction","target":{"@type":"EntryPoint","urlTemplate":"http:\/\/www.tallinnasaun.ee\/?s={search_term_string}"},"query-input":{"@type":"PropertyValueSpecification","valueRequired":true,"valueName":"search_term_string"}}],"inLanguage":"en-US"},{"@type":"Organization","@id":"http:\/\/www.tallinnasaun.ee\/#organization","name":"Tallinna Saun","url":"http:\/\/www.tallinnasaun.ee\/","logo":{"@type":"ImageObject","inLanguage":"en-US","@id":"http:\/\/www.tallinnasaun.ee\/#\/schema\/logo\/image\/","url":"https:\/\/tallinnasaun.ee\/wp-content\/uploads\/2016\/11\/saunaviht.jpg","contentUrl":"https:\/\/tallinnasaun.ee\/wp-content\/uploads\/2016\/11\/saunaviht.jpg","width":797,"height":531,"caption":"Tallinna Saun"},"image":{"@id":"http:\/\/www.tallinnasaun.ee\/#\/schema\/logo\/image\/"}}]}},"_links":{"self":[{"href":"https:\/\/tallinnasaun.ee\/en\/wp-json\/wp\/v2\/pages\/581","targetHints":{"allow":["GET"]}}],"collection":[{"href":"https:\/\/tallinnasaun.ee\/en\/wp-json\/wp\/v2\/pages"}],"about":[{"href":"https:\/\/tallinnasaun.ee\/en\/wp-json\/wp\/v2\/types\/page"}],"author":[{"embeddable":true,"href":"https:\/\/tallinnasaun.ee\/en\/wp-json\/wp\/v2\/users\/1"}],"replies":[{"embeddable":true,"href":"https:\/\/tallinnasaun.ee\/en\/wp-json\/wp\/v2\/comments?post=581"}],"version-history":[{"count":0,"href":"https:\/\/tallinnasaun.ee\/en\/wp-json\/wp\/v2\/pages\/581\/revisions"}],"wp:attachment":[{"href":"https:\/\/tallinnasaun.ee\/en\/wp-json\/wp\/v2\/media?parent=581"}],"curies":[{"name":"wp","href":"https:\/\/api.w.org\/{rel}","templated":true}]}}