{"id":589,"date":"2016-09-26T10:53:05","date_gmt":"2016-09-26T10:53:05","guid":{"rendered":"https:\/\/tallinnasaun.ee\/peoruum\/"},"modified":"2025-11-28T14:32:18","modified_gmt":"2025-11-28T12:32:18","slug":"rooms-for-events","status":"publish","type":"page","link":"https:\/\/tallinnasaun.ee\/en\/rooms-for-events\/","title":{"rendered":"Rooms for events"},"content":{"rendered":"<p>[et_pb_section fb_built=&#8221;1&#8243; custom_padding_last_edited=&#8221;on|desktop&#8221; admin_label=&#8221;section&#8221; _builder_version=&#8221;4.16&#8243; custom_padding=&#8221;55px|0px|54px|0px&#8221; custom_padding_tablet=&#8221;50px|0|50px|0&#8243; transparent_background=&#8221;off&#8221; padding_mobile=&#8221;off&#8221; make_fullwidth=&#8221;off&#8221; use_custom_width=&#8221;off&#8221; width_unit=&#8221;off&#8221; custom_width_px=&#8221;1080px&#8221; custom_width_percent=&#8221;80%&#8221; global_colors_info=&#8221;{}&#8221; custom_padding_phone=&#8221;50px|0|50px|0&#8243;][et_pb_row padding_mobile=&#8221;off&#8221; column_padding_mobile=&#8221;on&#8221; admin_label=&#8221;row&#8221; _builder_version=&#8221;4.16&#8243; background_size=&#8221;initial&#8221; background_position=&#8221;top_left&#8221; background_repeat=&#8221;repeat&#8221; make_fullwidth=&#8221;off&#8221; use_custom_width=&#8221;off&#8221; width_unit=&#8221;off&#8221; custom_width_px=&#8221;1080px&#8221; custom_width_percent=&#8221;80%&#8221; global_colors_info=&#8221;{}&#8221; column_structure=&#8221;1_2,1_2&#8243;][et_pb_column type=&#8221;1_2&#8243; _builder_version=&#8221;4.16&#8243; custom_padding=&#8221;|||&#8221; global_colors_info=&#8221;{}&#8221; custom_padding__hover=&#8221;|||&#8221;][et_pb_image src=&#8221;https:\/\/tallinnasaun.ee\/wp-content\/uploads\/2016\/09\/tallinna-saun-tartu-maanteel-tartu-maante-saun_MG_1053.jpg&#8221; alt=&#8221;tallinna saun tunnisaun&#8221; title_text=&#8221;tallinna saun tunnisaun&#8221; align_tablet=&#8221;center&#8221; align_last_edited=&#8221;on|desktop&#8221; admin_label=&#8221;Image&#8221; _builder_version=&#8221;4.16&#8243; animation_style=&#8221;slide&#8221; animation_direction=&#8221;left&#8221; animation_duration=&#8221;500ms&#8221; animation_intensity_slide=&#8221;10%&#8221; sticky=&#8221;off&#8221; use_border_color=&#8221;off&#8221; border_color=&#8221;#ffffff&#8221; border_width=&#8221;1px&#8221; border_style=&#8221;solid&#8221; always_center_on_mobile=&#8221;on&#8221; global_colors_info=&#8221;{}&#8221; align_phone=&#8221;center&#8221;][\/et_pb_image][et_pb_image src=&#8221;https:\/\/tallinnasaun.ee\/wp-content\/uploads\/2016\/09\/tallinna-saun-tartu-maanteel-tartu-maante-saun_MG_1043.jpg&#8221; alt=&#8221;tallinna saun tunnisaun tartu maantee saun&#8221; title_text=&#8221;tallinna saun tunnisaun tartu maantee saun&#8221; align_tablet=&#8221;center&#8221; align_last_edited=&#8221;on|desktop&#8221; admin_label=&#8221;Image&#8221; _builder_version=&#8221;4.16&#8243; animation_style=&#8221;slide&#8221; animation_direction=&#8221;left&#8221; animation_duration=&#8221;500ms&#8221; animation_intensity_slide=&#8221;10%&#8221; sticky=&#8221;off&#8221; use_border_color=&#8221;off&#8221; border_color=&#8221;#ffffff&#8221; border_width=&#8221;1px&#8221; border_style=&#8221;solid&#8221; always_center_on_mobile=&#8221;on&#8221; global_colors_info=&#8221;{}&#8221; align_phone=&#8221;center&#8221;][\/et_pb_image][et_pb_image src=&#8221;https:\/\/tallinnasaun.ee\/wp-content\/uploads\/2017\/01\/IMG_0844.jpg&#8221; align_tablet=&#8221;center&#8221; align_last_edited=&#8221;on|desktop&#8221; admin_label=&#8221;Image&#8221; _builder_version=&#8221;4.16&#8243; animation_style=&#8221;slide&#8221; animation_direction=&#8221;left&#8221; animation_duration=&#8221;500ms&#8221; animation_intensity_slide=&#8221;10%&#8221; sticky=&#8221;off&#8221; use_border_color=&#8221;off&#8221; border_color=&#8221;#ffffff&#8221; border_width=&#8221;1px&#8221; border_style=&#8221;solid&#8221; always_center_on_mobile=&#8221;on&#8221; global_colors_info=&#8221;{}&#8221; align_phone=&#8221;center&#8221;][\/et_pb_image][et_pb_image src=&#8221;https:\/\/tallinnasaun.ee\/wp-content\/uploads\/2017\/01\/IMG_0812.jpg&#8221; align_tablet=&#8221;center&#8221; align_last_edited=&#8221;on|desktop&#8221; admin_label=&#8221;Image&#8221; _builder_version=&#8221;4.16&#8243; animation_style=&#8221;slide&#8221; animation_direction=&#8221;left&#8221; animation_duration=&#8221;500ms&#8221; animation_intensity_slide=&#8221;10%&#8221; sticky=&#8221;off&#8221; use_border_color=&#8221;off&#8221; border_color=&#8221;#ffffff&#8221; border_width=&#8221;1px&#8221; border_style=&#8221;solid&#8221; always_center_on_mobile=&#8221;on&#8221; global_colors_info=&#8221;{}&#8221; align_phone=&#8221;center&#8221;][\/et_pb_image][\/et_pb_column][et_pb_column type=&#8221;1_2&#8243; _builder_version=&#8221;4.16&#8243; custom_padding=&#8221;|||&#8221; global_colors_info=&#8221;{}&#8221; custom_padding__hover=&#8221;|||&#8221;][et_pb_divider show_divider=&#8221;off&#8221; disabled_on=&#8221;on|on|off&#8221; admin_label=&#8221;Divider&#8221; _builder_version=&#8221;4.16&#8243; hide_on_mobile=&#8221;on&#8221; global_colors_info=&#8221;{}&#8221;][\/et_pb_divider][et_pb_divider show_divider=&#8221;off&#8221; disabled_on=&#8221;on|on|off&#8221; admin_label=&#8221;Divider&#8221; _builder_version=&#8221;4.16&#8243; hide_on_mobile=&#8221;on&#8221; global_colors_info=&#8221;{}&#8221;][\/et_pb_divider][et_pb_text admin_label=&#8221;Text&#8221; _builder_version=&#8221;4.16&#8243; background_size=&#8221;initial&#8221; background_position=&#8221;top_left&#8221; background_repeat=&#8221;repeat&#8221; use_border_color=&#8221;off&#8221; border_color=&#8221;#ffffff&#8221; border_style=&#8221;solid&#8221; global_colors_info=&#8221;{}&#8221;]<\/p>\n<h1>ROOMS FOR PRIVATE EVENTS<\/h1>\n<p data-start=\"135\" data-end=\"324\">If you\u2019re looking for a comfortable and stylish venue for a birthday celebration, team event, or any other special occasion, our sauna facilities in central Tallinn are an excellent choice.<\/p>\n<p data-start=\"326\" data-end=\"662\">We offer a private 100 m\u00b2 sauna complex right in the city center. The space includes a 15 m\u00b2 steam room, a 35 m\u00b2 washing area, a 25 m\u00b2 changing room, and a 25 m\u00b2 resting area. The rooms are designed with a distinctive and stylish touch, creating an authentic and memorable atmosphere where it\u2019s easy to relax and leave everyday stress behind.<\/p>\n<p data-start=\"664\" data-end=\"912\">The lounge features comfortable sofas and a table for snacks, as well as a full-size refrigerator where you can keep your food and drinks chilled. You are welcome to bring your own refreshments. Free parking is available for guests in our backyard.<\/p>\n<p data-start=\"914\" data-end=\"1087\">Sauna bookings are available on Tuesdays, Thursdays and Saturdays. Events can take place <strong data-start=\"1003\" data-end=\"1035\">until midnight at the latest<\/strong>, ensuring a pleasant and safe evening for everyone.<\/p>\n<p data-start=\"1089\" data-end=\"1202\">Pricing depends on the size of your group and the duration of the event. Packages start from <strong data-start=\"1182\" data-end=\"1201\">20 \u20ac per person<\/strong>.<\/p>\n<p data-start=\"1204\" data-end=\"1453\">If you already have a date in mind, feel free to get in touch so we can check availability. Please contact us through the inquiry form and share any wishes or requirements you may have. We\u2019ll be happy to help you create a cosy and memorable evening.<\/p>\n<p data-start=\"1455\" data-end=\"1643\">Based on our experience, the space works best for groups of up to 20 people, though we have hosted larger gatherings as well. Unfortunately, we are unable to accommodate late-night events.<\/p>\n<h2><span style=\"color: #008000;\">FOR MORE INFORMATION AND BOOKING: \u00a0<\/span><\/h2>\n<p><span style=\"font-size: x-large;\"><span style=\"color: #008000;\"><a href=\"mailto:info@tallinnasaun.ee\">info@tallinnasaun.ee<\/a><\/span><\/span><\/p>\n<p>[\/et_pb_text][\/et_pb_column][\/et_pb_row][\/et_pb_section]<\/p>\n","protected":false},"excerpt":{"rendered":"<p>ROOMS FOR PRIVATE EVENTS If you\u2019re looking for a comfortable and stylish venue for a birthday celebration, team event, or any other special occasion, our sauna facilities in central Tallinn are an excellent choice. We offer a private 100 m\u00b2 sauna complex right in the city center. The space includes a 15 m\u00b2 steam room, [&hellip;]<\/p>\n","protected":false},"author":1,"featured_media":0,"parent":0,"menu_order":0,"comment_status":"closed","ping_status":"closed","template":"","meta":{"_et_pb_use_builder":"on","_et_pb_old_content":"","_et_gb_content_width":"","footnotes":""},"class_list":["post-589","page","type-page","status-publish","hentry"],"yoast_head":"<!-- This site is optimized with the Yoast SEO plugin v25.5 - https:\/\/yoast.com\/wordpress\/plugins\/seo\/ -->\n<title>Rooms for events - Tallinna Saun<\/title>\n<meta name=\"description\" content=\"Tunnisaun - Tallinna Sauna tunnisaun on ideaalne v\u00f5imalus s\u00fcnnip\u00e4evade, firmapidude, tooteesitluste ja muude \u00fcrituste tarbeks.\" \/>\n<meta name=\"robots\" content=\"index, follow, max-snippet:-1, max-image-preview:large, max-video-preview:-1\" \/>\n<link rel=\"canonical\" href=\"https:\/\/tallinnasaun.ee\/en\/rooms-for-events\/\" \/>\n<meta property=\"og:locale\" content=\"en_US\" \/>\n<meta property=\"og:type\" content=\"article\" \/>\n<meta property=\"og:title\" content=\"Rooms for events - Tallinna Saun\" \/>\n<meta property=\"og:description\" content=\"Tunnisaun - Tallinna Sauna tunnisaun on ideaalne v\u00f5imalus s\u00fcnnip\u00e4evade, firmapidude, tooteesitluste ja muude \u00fcrituste tarbeks.\" \/>\n<meta property=\"og:url\" content=\"https:\/\/tallinnasaun.ee\/en\/rooms-for-events\/\" \/>\n<meta property=\"og:site_name\" content=\"Tallinna Saun\" \/>\n<meta property=\"article:modified_time\" content=\"2025-11-28T12:32:18+00:00\" \/>\n<meta name=\"twitter:card\" content=\"summary_large_image\" \/>\n<meta name=\"twitter:label1\" content=\"Est. reading time\" \/>\n\t<meta name=\"twitter:data1\" content=\"2 minutes\" \/>\n<script type=\"application\/ld+json\" class=\"yoast-schema-graph\">{\"@context\":\"https:\/\/schema.org\",\"@graph\":[{\"@type\":\"WebPage\",\"@id\":\"https:\/\/tallinnasaun.ee\/en\/rooms-for-events\/\",\"url\":\"https:\/\/tallinnasaun.ee\/en\/rooms-for-events\/\",\"name\":\"Rooms for events - Tallinna Saun\",\"isPartOf\":{\"@id\":\"http:\/\/www.tallinnasaun.ee\/#website\"},\"datePublished\":\"2016-09-26T10:53:05+00:00\",\"dateModified\":\"2025-11-28T12:32:18+00:00\",\"description\":\"Tunnisaun - Tallinna Sauna tunnisaun on ideaalne v\u00f5imalus s\u00fcnnip\u00e4evade, firmapidude, tooteesitluste ja muude \u00fcrituste tarbeks.\",\"breadcrumb\":{\"@id\":\"https:\/\/tallinnasaun.ee\/en\/rooms-for-events\/#breadcrumb\"},\"inLanguage\":\"en-US\",\"potentialAction\":[{\"@type\":\"ReadAction\",\"target\":[\"https:\/\/tallinnasaun.ee\/en\/rooms-for-events\/\"]}]},{\"@type\":\"BreadcrumbList\",\"@id\":\"https:\/\/tallinnasaun.ee\/en\/rooms-for-events\/#breadcrumb\",\"itemListElement\":[{\"@type\":\"ListItem\",\"position\":1,\"name\":\"Home\",\"item\":\"https:\/\/tallinnasaun.ee\/en\/\"},{\"@type\":\"ListItem\",\"position\":2,\"name\":\"Rooms for events\"}]},{\"@type\":\"WebSite\",\"@id\":\"http:\/\/www.tallinnasaun.ee\/#website\",\"url\":\"http:\/\/www.tallinnasaun.ee\/\",\"name\":\"Tallinna Saun\",\"description\":\"Tartu maantee saun Tallinnas\",\"publisher\":{\"@id\":\"http:\/\/www.tallinnasaun.ee\/#organization\"},\"potentialAction\":[{\"@type\":\"SearchAction\",\"target\":{\"@type\":\"EntryPoint\",\"urlTemplate\":\"http:\/\/www.tallinnasaun.ee\/?s={search_term_string}\"},\"query-input\":{\"@type\":\"PropertyValueSpecification\",\"valueRequired\":true,\"valueName\":\"search_term_string\"}}],\"inLanguage\":\"en-US\"},{\"@type\":\"Organization\",\"@id\":\"http:\/\/www.tallinnasaun.ee\/#organization\",\"name\":\"Tallinna Saun\",\"url\":\"http:\/\/www.tallinnasaun.ee\/\",\"logo\":{\"@type\":\"ImageObject\",\"inLanguage\":\"en-US\",\"@id\":\"http:\/\/www.tallinnasaun.ee\/#\/schema\/logo\/image\/\",\"url\":\"https:\/\/tallinnasaun.ee\/wp-content\/uploads\/2016\/11\/saunaviht.jpg\",\"contentUrl\":\"https:\/\/tallinnasaun.ee\/wp-content\/uploads\/2016\/11\/saunaviht.jpg\",\"width\":797,\"height\":531,\"caption\":\"Tallinna Saun\"},\"image\":{\"@id\":\"http:\/\/www.tallinnasaun.ee\/#\/schema\/logo\/image\/\"}}]}<\/script>\n<!-- \/ Yoast SEO plugin. -->","yoast_head_json":{"title":"Rooms for events - Tallinna Saun","description":"Tunnisaun - Tallinna Sauna tunnisaun on ideaalne v\u00f5imalus s\u00fcnnip\u00e4evade, firmapidude, tooteesitluste ja muude \u00fcrituste tarbeks.","robots":{"index":"index","follow":"follow","max-snippet":"max-snippet:-1","max-image-preview":"max-image-preview:large","max-video-preview":"max-video-preview:-1"},"canonical":"https:\/\/tallinnasaun.ee\/en\/rooms-for-events\/","og_locale":"en_US","og_type":"article","og_title":"Rooms for events - Tallinna Saun","og_description":"Tunnisaun - Tallinna Sauna tunnisaun on ideaalne v\u00f5imalus s\u00fcnnip\u00e4evade, firmapidude, tooteesitluste ja muude \u00fcrituste tarbeks.","og_url":"https:\/\/tallinnasaun.ee\/en\/rooms-for-events\/","og_site_name":"Tallinna Saun","article_modified_time":"2025-11-28T12:32:18+00:00","twitter_card":"summary_large_image","twitter_misc":{"Est. reading time":"2 minutes"},"schema":{"@context":"https:\/\/schema.org","@graph":[{"@type":"WebPage","@id":"https:\/\/tallinnasaun.ee\/en\/rooms-for-events\/","url":"https:\/\/tallinnasaun.ee\/en\/rooms-for-events\/","name":"Rooms for events - Tallinna Saun","isPartOf":{"@id":"http:\/\/www.tallinnasaun.ee\/#website"},"datePublished":"2016-09-26T10:53:05+00:00","dateModified":"2025-11-28T12:32:18+00:00","description":"Tunnisaun - Tallinna Sauna tunnisaun on ideaalne v\u00f5imalus s\u00fcnnip\u00e4evade, firmapidude, tooteesitluste ja muude \u00fcrituste tarbeks.","breadcrumb":{"@id":"https:\/\/tallinnasaun.ee\/en\/rooms-for-events\/#breadcrumb"},"inLanguage":"en-US","potentialAction":[{"@type":"ReadAction","target":["https:\/\/tallinnasaun.ee\/en\/rooms-for-events\/"]}]},{"@type":"BreadcrumbList","@id":"https:\/\/tallinnasaun.ee\/en\/rooms-for-events\/#breadcrumb","itemListElement":[{"@type":"ListItem","position":1,"name":"Home","item":"https:\/\/tallinnasaun.ee\/en\/"},{"@type":"ListItem","position":2,"name":"Rooms for events"}]},{"@type":"WebSite","@id":"http:\/\/www.tallinnasaun.ee\/#website","url":"http:\/\/www.tallinnasaun.ee\/","name":"Tallinna Saun","description":"Tartu maantee saun Tallinnas","publisher":{"@id":"http:\/\/www.tallinnasaun.ee\/#organization"},"potentialAction":[{"@type":"SearchAction","target":{"@type":"EntryPoint","urlTemplate":"http:\/\/www.tallinnasaun.ee\/?s={search_term_string}"},"query-input":{"@type":"PropertyValueSpecification","valueRequired":true,"valueName":"search_term_string"}}],"inLanguage":"en-US"},{"@type":"Organization","@id":"http:\/\/www.tallinnasaun.ee\/#organization","name":"Tallinna Saun","url":"http:\/\/www.tallinnasaun.ee\/","logo":{"@type":"ImageObject","inLanguage":"en-US","@id":"http:\/\/www.tallinnasaun.ee\/#\/schema\/logo\/image\/","url":"https:\/\/tallinnasaun.ee\/wp-content\/uploads\/2016\/11\/saunaviht.jpg","contentUrl":"https:\/\/tallinnasaun.ee\/wp-content\/uploads\/2016\/11\/saunaviht.jpg","width":797,"height":531,"caption":"Tallinna Saun"},"image":{"@id":"http:\/\/www.tallinnasaun.ee\/#\/schema\/logo\/image\/"}}]}},"_links":{"self":[{"href":"https:\/\/tallinnasaun.ee\/en\/wp-json\/wp\/v2\/pages\/589","targetHints":{"allow":["GET"]}}],"collection":[{"href":"https:\/\/tallinnasaun.ee\/en\/wp-json\/wp\/v2\/pages"}],"about":[{"href":"https:\/\/tallinnasaun.ee\/en\/wp-json\/wp\/v2\/types\/page"}],"author":[{"embeddable":true,"href":"https:\/\/tallinnasaun.ee\/en\/wp-json\/wp\/v2\/users\/1"}],"replies":[{"embeddable":true,"href":"https:\/\/tallinnasaun.ee\/en\/wp-json\/wp\/v2\/comments?post=589"}],"version-history":[{"count":1,"href":"https:\/\/tallinnasaun.ee\/en\/wp-json\/wp\/v2\/pages\/589\/revisions"}],"predecessor-version":[{"id":2071,"href":"https:\/\/tallinnasaun.ee\/en\/wp-json\/wp\/v2\/pages\/589\/revisions\/2071"}],"wp:attachment":[{"href":"https:\/\/tallinnasaun.ee\/en\/wp-json\/wp\/v2\/media?parent=589"}],"curies":[{"name":"wp","href":"https:\/\/api.w.org\/{rel}","templated":true}]}}