{"id":574,"date":"2016-11-24T13:02:32","date_gmt":"2016-11-24T13:02:32","guid":{"rendered":"https:\/\/tallinnasaun.ee\/huvitavat-lugemist\/"},"modified":"2017-02-14T12:56:07","modified_gmt":"2017-02-14T12:56:07","slug":"%d1%8d%d1%82%d0%be-%d0%b8%d0%bd%d1%82%d0%b5%d1%80%d0%b5%d1%81%d0%bd%d0%be","status":"publish","type":"page","link":"https:\/\/tallinnasaun.ee\/ru\/%d1%8d%d1%82%d0%be-%d0%b8%d0%bd%d1%82%d0%b5%d1%80%d0%b5%d1%81%d0%bd%d0%be\/","title":{"rendered":"\u042d\u0442\u043e \u0438\u043d\u0442\u0435\u0440\u0435\u0441\u043d\u043e"},"content":{"rendered":"<p>[et_pb_section transparent_background=&#8221;off&#8221; allow_player_pause=&#8221;off&#8221; inner_shadow=&#8221;off&#8221; parallax=&#8221;off&#8221; parallax_method=&#8221;on&#8221; padding_mobile=&#8221;off&#8221; make_fullwidth=&#8221;off&#8221; use_custom_width=&#8221;off&#8221; width_unit=&#8221;off&#8221; custom_width_px=&#8221;1080px&#8221; custom_width_percent=&#8221;80%&#8221; make_equal=&#8221;off&#8221; use_custom_gutter=&#8221;off&#8221; fullwidth=&#8221;off&#8221; specialty=&#8221;off&#8221; admin_label=&#8221;section&#8221; disabled=&#8221;off&#8221;][et_pb_row make_fullwidth=&#8221;off&#8221; use_custom_width=&#8221;off&#8221; width_unit=&#8221;off&#8221; custom_width_px=&#8221;1080px&#8221; custom_width_percent=&#8221;80%&#8221; use_custom_gutter=&#8221;off&#8221; gutter_width=&#8221;3&#8243; padding_mobile=&#8221;off&#8221; allow_player_pause=&#8221;off&#8221; parallax=&#8221;off&#8221; parallax_method=&#8221;on&#8221; make_equal=&#8221;off&#8221; column_padding_mobile=&#8221;on&#8221; parallax_1=&#8221;off&#8221; parallax_method_1=&#8221;on&#8221; parallax_2=&#8221;off&#8221; parallax_method_2=&#8221;on&#8221; parallax_3=&#8221;off&#8221; parallax_method_3=&#8221;on&#8221; parallax_4=&#8221;off&#8221; parallax_method_4=&#8221;on&#8221; admin_label=&#8221;Row&#8221; disabled=&#8221;off&#8221;][et_pb_column type=&#8221;1_2&#8243; disabled=&#8221;off&#8221; parallax=&#8221;off&#8221; parallax_method=&#8221;on&#8221; column_padding_mobile=&#8221;on&#8221;][et_pb_text background_layout=&#8221;light&#8221; text_orientation=&#8221;left&#8221; admin_label=&#8221;Text&#8221; use_border_color=&#8221;off&#8221; border_style=&#8221;solid&#8221; disabled=&#8221;off&#8221;]<\/p>\n<p>\u0417\u0434\u0435\u0441\u044c \u043d\u0430\u0439\u0434\u0435\u0448\u044c \u0438\u043d\u0442\u0435\u0440\u0435\u0441\u043d\u043e\u0433\u043e \u0434\u043b\u044f \u0447\u0442\u0435\u043d\u0438\u044f &#8211; \u043a\u0430\u043a \u043e \u043d\u0430\u0448\u0435\u0439 \u0431\u0430\u043d\u0435 \u043d\u0430 \u0422\u0430\u0440\u0442\u0443 \u0448., \u0430 \u0442\u0430\u043a \u0436\u0435 \u043e \u0442\u0440\u0430\u0434\u0438\u0446\u0438\u044f\u0445 \u043f\u043e\u043b\u044c\u0437\u043e\u0432\u0430\u043d\u0438\u044f \u0431\u0430\u043d\u0438.<\/p>\n<p>[\/et_pb_text][et_pb_text background_layout=&#8221;light&#8221; text_orientation=&#8221;left&#8221; admin_label=&#8221;Text&#8221; use_border_color=&#8221;off&#8221; border_style=&#8221;solid&#8221; disabled=&#8221;off&#8221;]<\/p>\n<p style=\"text-align: right;\">\u0425\u043e\u0440\u043e\u0448\u0435\u0433\u043e \u0438\u0437\u0443\u0447\u0435\u043d\u0438\u044f!<\/p>\n<p>[\/et_pb_text][\/et_pb_column][et_pb_column type=&#8221;1_2&#8243; disabled=&#8221;off&#8221; parallax=&#8221;off&#8221; parallax_method=&#8221;on&#8221; column_padding_mobile=&#8221;on&#8221;][et_pb_image src=&#8221;https:\/\/tallinnasaun.ee\/wp-content\/uploads\/2016\/11\/reading.jpg&#8221; show_in_lightbox=&#8221;off&#8221; url_new_window=&#8221;off&#8221; use_overlay=&#8221;off&#8221; sticky=&#8221;off&#8221; align=&#8221;left&#8221; force_fullwidth=&#8221;off&#8221; always_center_on_mobile=&#8221;on&#8221; admin_label=&#8221;Image&#8221; use_border_color=&#8221;off&#8221; border_color=&#8221;#ffffff&#8221; border_width=&#8221;1px&#8221; border_style=&#8221;solid&#8221; disabled=&#8221;off&#8221;] [\/et_pb_image][\/et_pb_column][\/et_pb_row][\/et_pb_section]<\/p>\n","protected":false},"excerpt":{"rendered":"<p>\u0417\u0434\u0435\u0441\u044c \u043d\u0430\u0439\u0434\u0435\u0448\u044c \u0438\u043d\u0442\u0435\u0440\u0435\u0441\u043d\u043e\u0433\u043e \u0434\u043b\u044f \u0447\u0442\u0435\u043d\u0438\u044f &#8211; \u043a\u0430\u043a \u043e \u043d\u0430\u0448\u0435\u0439 \u0431\u0430\u043d\u0435 \u043d\u0430 \u0422\u0430\u0440\u0442\u0443 \u0448., \u0430 \u0442\u0430\u043a \u0436\u0435 \u043e \u0442\u0440\u0430\u0434\u0438\u0446\u0438\u044f\u0445 \u043f\u043e\u043b\u044c\u0437\u043e\u0432\u0430\u043d\u0438\u044f \u0431\u0430\u043d\u0438.\u0425\u043e\u0440\u043e\u0448\u0435\u0433\u043e \u0438\u0437\u0443\u0447\u0435\u043d\u0438\u044f!<\/p>\n","protected":false},"author":4,"featured_media":534,"parent":0,"menu_order":0,"comment_status":"closed","ping_status":"closed","template":"","meta":{"_et_pb_use_builder":"on","_et_pb_old_content":"<p><strong>Torupilli asum<\/strong><\/p><p>Tartu maantee leilisaun asub Tallinna Torupilli milj\u00f6\u00f6v\u00e4\u00e4rtusliku ala piiril.<\/p><p>Torupilli asum sai oma nime kunagi Torupilli t\u00e4nava ja Tartu maantee nurgal asuva samanimelise k\u00f5rtsi j\u00e4rgi. Torupilli ala piirid l\u00e4hevad t\u00e4na Tartu maanteelt m\u00f6\u00f6da Pronksi t\u00e4navat Gonsiori t\u00e4navanini ning sealt Vilmsi ja Lubja t\u00e4nava kaudu taas Tartu maanteele.<\/p><p>20. sajandi alguses oli see Talliinna eeslinn veel enamjaolt asustamata ning siin laiusid karjakoplid, juurvilja- ja viljapuuaiad. Tartu maantee algus aga oli hoonestatud juba 13. sajandi aguses. 18. sajandi l\u00f5puks oli Tartu maantee hoonestatud kuni t\u00e4nase Odra t\u00e4nava ristmikuni. Torupilli asumi piirkonna \u00fchtlasem hoonestus hakkas tekkima 18. ja 19. sajandil kui Peeter I korralduse alusel m\u00e4\u00e4rati Tallinn Vene s\u00f5jalaevastiku baasiks L\u00e4\u00e4nemerel ning baasi ohvitserid ja pootsmanid omandasid eeslinnades krunte. Torupilli asumis algas p\u00f5hiline elamuala rajamine peale 1910. aastat. Lisaks tsaariaegsetele elamutele ehitati siia mitmeid Tallinna t\u00fc\u00fcpi kivitrepikojaga puumaju. Sellist t\u00fc\u00fcpi majad moodustavad tervikliku rea T\u00fcrnpu t\u00e4naval, kus omal ajal kulges kitsar\u00f6\u00f6paline raudtee.<\/p><p>T\u00e4nane Tartu mnt. 73 asuv leilisaun p\u00e4rineb 19. sajandist. Hoone, mis asub J.Kappeli ja K.T\u00fcrnpu vahelisel alal, ehitus algas T\u00fcrnpu t\u00e4navapoolsest osast, kuhu rajati hobusetall. Sellele lisandus pesumaja, saunaruumid ja korterid, mille valmimisega 1882 aastal kerkis Tartu maantee \u00e4\u00e4rde tolleaegne moodne teenindusmaja.<\/p><p>Torupilli asumi l\u00f5plik hoonestus toimus peale 1930 aastat, mil kerkisid \u00a0kivist 4-6 kordsed korterelamud Gonsiori t\u00e4nava ja Politseipargi kanti. Politseipark, endine kroonu juurviljaaia s\u00fcdamik, s\u00e4ilitati haljasalana.<\/p><p>(Allikas: <a href=\"https:\/\/www.tallinn.ee\/est\/ehitus\/Miljoovaartuslikud-piirkonnad-Tallinnas-3\">https:\/\/www.tallinn.ee\/est\/ehitus\/Miljoovaartuslikud-piirkonnad-Tallinnas-3<\/a>)<\/p>","_et_gb_content_width":"","footnotes":""},"class_list":["post-574","page","type-page","status-publish","has-post-thumbnail","hentry"],"yoast_head":"<!-- This site is optimized with the Yoast SEO plugin v25.5 - https:\/\/yoast.com\/wordpress\/plugins\/seo\/ -->\n<title>\u042d\u0442\u043e \u0438\u043d\u0442\u0435\u0440\u0435\u0441\u043d\u043e - Tallinna Saun<\/title>\n<meta name=\"robots\" content=\"index, follow, max-snippet:-1, max-image-preview:large, max-video-preview:-1\" \/>\n<link rel=\"canonical\" href=\"https:\/\/tallinnasaun.ee\/ru\/\u044d\u0442\u043e-\u0438\u043d\u0442\u0435\u0440\u0435\u0441\u043d\u043e\/\" \/>\n<meta property=\"og:locale\" content=\"ru_RU\" \/>\n<meta property=\"og:type\" content=\"article\" \/>\n<meta property=\"og:title\" content=\"\u042d\u0442\u043e \u0438\u043d\u0442\u0435\u0440\u0435\u0441\u043d\u043e - Tallinna Saun\" \/>\n<meta property=\"og:description\" content=\"\u0417\u0434\u0435\u0441\u044c \u043d\u0430\u0439\u0434\u0435\u0448\u044c \u0438\u043d\u0442\u0435\u0440\u0435\u0441\u043d\u043e\u0433\u043e \u0434\u043b\u044f \u0447\u0442\u0435\u043d\u0438\u044f - \u043a\u0430\u043a \u043e \u043d\u0430\u0448\u0435\u0439 \u0431\u0430\u043d\u0435 \u043d\u0430 \u0422\u0430\u0440\u0442\u0443 \u0448., \u0430 \u0442\u0430\u043a \u0436\u0435 \u043e \u0442\u0440\u0430\u0434\u0438\u0446\u0438\u044f\u0445 \u043f\u043e\u043b\u044c\u0437\u043e\u0432\u0430\u043d\u0438\u044f \u0431\u0430\u043d\u0438.\u0425\u043e\u0440\u043e\u0448\u0435\u0433\u043e \u0438\u0437\u0443\u0447\u0435\u043d\u0438\u044f!\" \/>\n<meta property=\"og:url\" content=\"https:\/\/tallinnasaun.ee\/ru\/\u044d\u0442\u043e-\u0438\u043d\u0442\u0435\u0440\u0435\u0441\u043d\u043e\/\" \/>\n<meta property=\"og:site_name\" content=\"Tallinna Saun\" \/>\n<meta property=\"article:modified_time\" content=\"2017-02-14T12:56:07+00:00\" \/>\n<meta property=\"og:image\" content=\"https:\/\/tallinnasaun.ee\/wp-content\/uploads\/2016\/11\/history-2.jpg\" \/>\n\t<meta property=\"og:image:width\" content=\"752\" \/>\n\t<meta property=\"og:image:height\" content=\"493\" \/>\n\t<meta property=\"og:image:type\" content=\"image\/jpeg\" \/>\n<meta name=\"twitter:card\" content=\"summary_large_image\" \/>\n<meta name=\"twitter:label1\" content=\"Est. reading time\" \/>\n\t<meta name=\"twitter:data1\" content=\"1 minute\" \/>\n<script type=\"application\/ld+json\" class=\"yoast-schema-graph\">{\"@context\":\"https:\/\/schema.org\",\"@graph\":[{\"@type\":\"WebPage\",\"@id\":\"https:\/\/tallinnasaun.ee\/ru\/%d1%8d%d1%82%d0%be-%d0%b8%d0%bd%d1%82%d0%b5%d1%80%d0%b5%d1%81%d0%bd%d0%be\/\",\"url\":\"https:\/\/tallinnasaun.ee\/ru\/%d1%8d%d1%82%d0%be-%d0%b8%d0%bd%d1%82%d0%b5%d1%80%d0%b5%d1%81%d0%bd%d0%be\/\",\"name\":\"\u042d\u0442\u043e \u0438\u043d\u0442\u0435\u0440\u0435\u0441\u043d\u043e - Tallinna Saun\",\"isPartOf\":{\"@id\":\"http:\/\/www.tallinnasaun.ee\/#website\"},\"primaryImageOfPage\":{\"@id\":\"https:\/\/tallinnasaun.ee\/ru\/%d1%8d%d1%82%d0%be-%d0%b8%d0%bd%d1%82%d0%b5%d1%80%d0%b5%d1%81%d0%bd%d0%be\/#primaryimage\"},\"image\":{\"@id\":\"https:\/\/tallinnasaun.ee\/ru\/%d1%8d%d1%82%d0%be-%d0%b8%d0%bd%d1%82%d0%b5%d1%80%d0%b5%d1%81%d0%bd%d0%be\/#primaryimage\"},\"thumbnailUrl\":\"https:\/\/tallinnasaun.ee\/wp-content\/uploads\/2016\/11\/history-2.jpg\",\"datePublished\":\"2016-11-24T13:02:32+00:00\",\"dateModified\":\"2017-02-14T12:56:07+00:00\",\"breadcrumb\":{\"@id\":\"https:\/\/tallinnasaun.ee\/ru\/%d1%8d%d1%82%d0%be-%d0%b8%d0%bd%d1%82%d0%b5%d1%80%d0%b5%d1%81%d0%bd%d0%be\/#breadcrumb\"},\"inLanguage\":\"ru-RU\",\"potentialAction\":[{\"@type\":\"ReadAction\",\"target\":[\"https:\/\/tallinnasaun.ee\/ru\/%d1%8d%d1%82%d0%be-%d0%b8%d0%bd%d1%82%d0%b5%d1%80%d0%b5%d1%81%d0%bd%d0%be\/\"]}]},{\"@type\":\"ImageObject\",\"inLanguage\":\"ru-RU\",\"@id\":\"https:\/\/tallinnasaun.ee\/ru\/%d1%8d%d1%82%d0%be-%d0%b8%d0%bd%d1%82%d0%b5%d1%80%d0%b5%d1%81%d0%bd%d0%be\/#primaryimage\",\"url\":\"https:\/\/tallinnasaun.ee\/wp-content\/uploads\/2016\/11\/history-2.jpg\",\"contentUrl\":\"https:\/\/tallinnasaun.ee\/wp-content\/uploads\/2016\/11\/history-2.jpg\",\"width\":752,\"height\":493,\"caption\":\"Tallinna saun Tartu maanteel\"},{\"@type\":\"BreadcrumbList\",\"@id\":\"https:\/\/tallinnasaun.ee\/ru\/%d1%8d%d1%82%d0%be-%d0%b8%d0%bd%d1%82%d0%b5%d1%80%d0%b5%d1%81%d0%bd%d0%be\/#breadcrumb\",\"itemListElement\":[{\"@type\":\"ListItem\",\"position\":1,\"name\":\"Home\",\"item\":\"https:\/\/tallinnasaun.ee\/ru\/\"},{\"@type\":\"ListItem\",\"position\":2,\"name\":\"\u042d\u0442\u043e \u0438\u043d\u0442\u0435\u0440\u0435\u0441\u043d\u043e\"}]},{\"@type\":\"WebSite\",\"@id\":\"http:\/\/www.tallinnasaun.ee\/#website\",\"url\":\"http:\/\/www.tallinnasaun.ee\/\",\"name\":\"Tallinna Saun\",\"description\":\"Tartu maantee saun Tallinnas\",\"publisher\":{\"@id\":\"http:\/\/www.tallinnasaun.ee\/#organization\"},\"potentialAction\":[{\"@type\":\"SearchAction\",\"target\":{\"@type\":\"EntryPoint\",\"urlTemplate\":\"http:\/\/www.tallinnasaun.ee\/?s={search_term_string}\"},\"query-input\":{\"@type\":\"PropertyValueSpecification\",\"valueRequired\":true,\"valueName\":\"search_term_string\"}}],\"inLanguage\":\"ru-RU\"},{\"@type\":\"Organization\",\"@id\":\"http:\/\/www.tallinnasaun.ee\/#organization\",\"name\":\"Tallinna Saun\",\"url\":\"http:\/\/www.tallinnasaun.ee\/\",\"logo\":{\"@type\":\"ImageObject\",\"inLanguage\":\"ru-RU\",\"@id\":\"http:\/\/www.tallinnasaun.ee\/#\/schema\/logo\/image\/\",\"url\":\"https:\/\/tallinnasaun.ee\/wp-content\/uploads\/2016\/11\/saunaviht.jpg\",\"contentUrl\":\"https:\/\/tallinnasaun.ee\/wp-content\/uploads\/2016\/11\/saunaviht.jpg\",\"width\":797,\"height\":531,\"caption\":\"Tallinna Saun\"},\"image\":{\"@id\":\"http:\/\/www.tallinnasaun.ee\/#\/schema\/logo\/image\/\"}}]}<\/script>\n<!-- \/ Yoast SEO plugin. -->","yoast_head_json":{"title":"\u042d\u0442\u043e \u0438\u043d\u0442\u0435\u0440\u0435\u0441\u043d\u043e - Tallinna Saun","robots":{"index":"index","follow":"follow","max-snippet":"max-snippet:-1","max-image-preview":"max-image-preview:large","max-video-preview":"max-video-preview:-1"},"canonical":"https:\/\/tallinnasaun.ee\/ru\/\u044d\u0442\u043e-\u0438\u043d\u0442\u0435\u0440\u0435\u0441\u043d\u043e\/","og_locale":"ru_RU","og_type":"article","og_title":"\u042d\u0442\u043e \u0438\u043d\u0442\u0435\u0440\u0435\u0441\u043d\u043e - Tallinna Saun","og_description":"\u0417\u0434\u0435\u0441\u044c \u043d\u0430\u0439\u0434\u0435\u0448\u044c \u0438\u043d\u0442\u0435\u0440\u0435\u0441\u043d\u043e\u0433\u043e \u0434\u043b\u044f \u0447\u0442\u0435\u043d\u0438\u044f - \u043a\u0430\u043a \u043e \u043d\u0430\u0448\u0435\u0439 \u0431\u0430\u043d\u0435 \u043d\u0430 \u0422\u0430\u0440\u0442\u0443 \u0448., \u0430 \u0442\u0430\u043a \u0436\u0435 \u043e \u0442\u0440\u0430\u0434\u0438\u0446\u0438\u044f\u0445 \u043f\u043e\u043b\u044c\u0437\u043e\u0432\u0430\u043d\u0438\u044f \u0431\u0430\u043d\u0438.\u0425\u043e\u0440\u043e\u0448\u0435\u0433\u043e \u0438\u0437\u0443\u0447\u0435\u043d\u0438\u044f!","og_url":"https:\/\/tallinnasaun.ee\/ru\/\u044d\u0442\u043e-\u0438\u043d\u0442\u0435\u0440\u0435\u0441\u043d\u043e\/","og_site_name":"Tallinna Saun","article_modified_time":"2017-02-14T12:56:07+00:00","og_image":[{"width":752,"height":493,"url":"https:\/\/tallinnasaun.ee\/wp-content\/uploads\/2016\/11\/history-2.jpg","type":"image\/jpeg"}],"twitter_card":"summary_large_image","twitter_misc":{"Est. reading time":"1 minute"},"schema":{"@context":"https:\/\/schema.org","@graph":[{"@type":"WebPage","@id":"https:\/\/tallinnasaun.ee\/ru\/%d1%8d%d1%82%d0%be-%d0%b8%d0%bd%d1%82%d0%b5%d1%80%d0%b5%d1%81%d0%bd%d0%be\/","url":"https:\/\/tallinnasaun.ee\/ru\/%d1%8d%d1%82%d0%be-%d0%b8%d0%bd%d1%82%d0%b5%d1%80%d0%b5%d1%81%d0%bd%d0%be\/","name":"\u042d\u0442\u043e \u0438\u043d\u0442\u0435\u0440\u0435\u0441\u043d\u043e - Tallinna Saun","isPartOf":{"@id":"http:\/\/www.tallinnasaun.ee\/#website"},"primaryImageOfPage":{"@id":"https:\/\/tallinnasaun.ee\/ru\/%d1%8d%d1%82%d0%be-%d0%b8%d0%bd%d1%82%d0%b5%d1%80%d0%b5%d1%81%d0%bd%d0%be\/#primaryimage"},"image":{"@id":"https:\/\/tallinnasaun.ee\/ru\/%d1%8d%d1%82%d0%be-%d0%b8%d0%bd%d1%82%d0%b5%d1%80%d0%b5%d1%81%d0%bd%d0%be\/#primaryimage"},"thumbnailUrl":"https:\/\/tallinnasaun.ee\/wp-content\/uploads\/2016\/11\/history-2.jpg","datePublished":"2016-11-24T13:02:32+00:00","dateModified":"2017-02-14T12:56:07+00:00","breadcrumb":{"@id":"https:\/\/tallinnasaun.ee\/ru\/%d1%8d%d1%82%d0%be-%d0%b8%d0%bd%d1%82%d0%b5%d1%80%d0%b5%d1%81%d0%bd%d0%be\/#breadcrumb"},"inLanguage":"ru-RU","potentialAction":[{"@type":"ReadAction","target":["https:\/\/tallinnasaun.ee\/ru\/%d1%8d%d1%82%d0%be-%d0%b8%d0%bd%d1%82%d0%b5%d1%80%d0%b5%d1%81%d0%bd%d0%be\/"]}]},{"@type":"ImageObject","inLanguage":"ru-RU","@id":"https:\/\/tallinnasaun.ee\/ru\/%d1%8d%d1%82%d0%be-%d0%b8%d0%bd%d1%82%d0%b5%d1%80%d0%b5%d1%81%d0%bd%d0%be\/#primaryimage","url":"https:\/\/tallinnasaun.ee\/wp-content\/uploads\/2016\/11\/history-2.jpg","contentUrl":"https:\/\/tallinnasaun.ee\/wp-content\/uploads\/2016\/11\/history-2.jpg","width":752,"height":493,"caption":"Tallinna saun Tartu maanteel"},{"@type":"BreadcrumbList","@id":"https:\/\/tallinnasaun.ee\/ru\/%d1%8d%d1%82%d0%be-%d0%b8%d0%bd%d1%82%d0%b5%d1%80%d0%b5%d1%81%d0%bd%d0%be\/#breadcrumb","itemListElement":[{"@type":"ListItem","position":1,"name":"Home","item":"https:\/\/tallinnasaun.ee\/ru\/"},{"@type":"ListItem","position":2,"name":"\u042d\u0442\u043e \u0438\u043d\u0442\u0435\u0440\u0435\u0441\u043d\u043e"}]},{"@type":"WebSite","@id":"http:\/\/www.tallinnasaun.ee\/#website","url":"http:\/\/www.tallinnasaun.ee\/","name":"Tallinna Saun","description":"Tartu maantee saun Tallinnas","publisher":{"@id":"http:\/\/www.tallinnasaun.ee\/#organization"},"potentialAction":[{"@type":"SearchAction","target":{"@type":"EntryPoint","urlTemplate":"http:\/\/www.tallinnasaun.ee\/?s={search_term_string}"},"query-input":{"@type":"PropertyValueSpecification","valueRequired":true,"valueName":"search_term_string"}}],"inLanguage":"ru-RU"},{"@type":"Organization","@id":"http:\/\/www.tallinnasaun.ee\/#organization","name":"Tallinna Saun","url":"http:\/\/www.tallinnasaun.ee\/","logo":{"@type":"ImageObject","inLanguage":"ru-RU","@id":"http:\/\/www.tallinnasaun.ee\/#\/schema\/logo\/image\/","url":"https:\/\/tallinnasaun.ee\/wp-content\/uploads\/2016\/11\/saunaviht.jpg","contentUrl":"https:\/\/tallinnasaun.ee\/wp-content\/uploads\/2016\/11\/saunaviht.jpg","width":797,"height":531,"caption":"Tallinna Saun"},"image":{"@id":"http:\/\/www.tallinnasaun.ee\/#\/schema\/logo\/image\/"}}]}},"_links":{"self":[{"href":"https:\/\/tallinnasaun.ee\/ru\/wp-json\/wp\/v2\/pages\/574","targetHints":{"allow":["GET"]}}],"collection":[{"href":"https:\/\/tallinnasaun.ee\/ru\/wp-json\/wp\/v2\/pages"}],"about":[{"href":"https:\/\/tallinnasaun.ee\/ru\/wp-json\/wp\/v2\/types\/page"}],"author":[{"embeddable":true,"href":"https:\/\/tallinnasaun.ee\/ru\/wp-json\/wp\/v2\/users\/4"}],"replies":[{"embeddable":true,"href":"https:\/\/tallinnasaun.ee\/ru\/wp-json\/wp\/v2\/comments?post=574"}],"version-history":[{"count":0,"href":"https:\/\/tallinnasaun.ee\/ru\/wp-json\/wp\/v2\/pages\/574\/revisions"}],"wp:featuredmedia":[{"embeddable":true,"href":"https:\/\/tallinnasaun.ee\/ru\/wp-json\/wp\/v2\/media\/534"}],"wp:attachment":[{"href":"https:\/\/tallinnasaun.ee\/ru\/wp-json\/wp\/v2\/media?parent=574"}],"curies":[{"name":"wp","href":"https:\/\/api.w.org\/{rel}","templated":true}]}}